{"id":1642,"date":"2020-02-26T14:39:01","date_gmt":"2020-02-26T13:39:01","guid":{"rendered":"https:\/\/isdesportsconvention.com\/?page_id=1642"},"modified":"2021-11-26T11:01:52","modified_gmt":"2021-11-26T10:01:52","slug":"el-evento-2019","status":"publish","type":"page","link":"https:\/\/isdesportsconvention.com\/es\/el-evento-2019\/","title":{"rendered":"El Evento 2019"},"content":{"rendered":"<p><iframe src=\" https:\/\/www.youtube.com\/watch?v=1VrFPBQq2Yk \"><\/iframe><\/p>\n<h1>El evento &#8211; 2019<\/h1>\n<div>\n<p>ISDE SPORTS CONVENTION, el evento de referencia en el sector deportivo y jur\u00eddico a nivel mundial, celebra una nueva edici\u00f3n tras el \u00e9xito cosechado en las anteriores ediciones de Barcelona y Madrid.<\/p>\n<p>ISDE SPORTS CONVENTION se presenta como una plataforma de conexi\u00f3n dise\u00f1ada para crear oportunidades de negocio. Durante dos d\u00edas y bajo un formato de networking, todo el mercado de la esfera jur\u00eddico deportiva se concentrar\u00e1 para tratar temas de suma importancia para el sector.<\/p>\n<p>La Liga y Banco Santander forman parte de este evento liderado por ISDE, en el que prestigiosas figuras del deporte y del sector jur\u00eddico dar\u00e1n testimonio sobre el pasado, presente y futuro de sus respectivas industrias.<\/p>\n<\/div>\n<h3>Premiados<\/h3>\n<ul>\n<li>\n<p>        <img decoding=\"async\" src=\"wp-content\/uploads\/2021\/11\/output-onlinepngtools-4.png\" alt=\"\"><\/p>\n<h3>Premio Mejor Deportista en Madrid: Joana Pastrana\u202f<\/h3>\n<\/li>\n<li>\n<p>        <img decoding=\"async\" src=\"wp-content\/uploads\/2021\/11\/output-onlinepngtools-3.png\" alt=\"\"><\/p>\n<h3>Premio Nacional:\u202fCarolina Mar\u00edn\u202f<\/h3>\n<\/li>\n<li>\n<p>        <img decoding=\"async\" src=\"wp-content\/uploads\/2021\/11\/output-onlinepngtools-5.png\" alt=\"\"><\/p>\n<h3>Premio internacional: Ronaldo\u202fNaz\u00e1rio<\/h3>\n<\/li>\n<\/ul>\n<h3>Tem\u00e1ticas<\/h3>\n<ul>\n<li>\n<h3>Bloque 1: \u00c1rea jur\u00eddica<\/h3>\n<div>\n<ul style=\"font-size: 19px;\">\n<li>Mesa 1: La Integridad en el Deporte<\/li>\n<li>Mesa 2: Arbitraje. Jurisprudencia TAS<\/li>\n<li>Mesa 3: Transferencia de jugadores &#8211; Menores<\/li>\n<\/ul>\n<\/div>\n<\/li>\n<li>\n<h3>Bloque 2: \u00c1rea econ\u00f3mica &#038; management<\/h3>\n<div>\n<ul style=\"font-size: 19px;\">\n<li>Mesa 4: Tax\/M&amp;A &#8211; Compraventa de clubes<\/li>\n<li>Mesa 5: Blockchain<\/li>\n<li>Mesa 6: eSports<\/li>\n<\/ul>\n<\/div>\n<\/li>\n<li>\n<h3>Bloque 3: \u00c1rea de comunicaci\u00f3n,  marketing y tecnolog\u00eda<\/h3>\n<div>\n<ul style=\"font-size:19px;\">\n<li>Mesa 7: Nuevas Plataformas \/ Actores \/ Derecho de Imagen<\/li>\n<li>Mesa 8: Grandes eventos y sostenibilidad<\/li>\n<li>Mesa 9: Deporte inclusivo<\/li>\n<\/ul>\n<\/div>\n<\/li>\n<li>\n<h3>Bloque 4: \u00c1rea del deporte femenino<\/h3>\n<div>\n<p style=\"font-size:19px;\">Mesa 10: Presente y futuro del deporte femenino para el desarrollo y evoluci\u00f3n de la industria del deporte.<\/p>\n<\/div>\n<\/li>\n<\/ul>\n<p><!-- {\"name\":\"El evento\",\"type\":\"layout\",\"children\":[{\"type\":\"section\",\"props\":{\"style\":\"secondary\",\"width\":\"expand\",\"vertical_align\":\"middle\",\"title_position\":\"top-left\",\"title_rotation\":\"left\",\"title_breakpoint\":\"xl\",\"image_position\":\"center-center\",\"text_color\":\"\",\"width_expand\":\"\",\"height\":\"\",\"padding\":\"\",\"header_transparent\":\"\",\"animation\":\"\",\"padding_remove_top\":true,\"padding_remove_bottom\":true,\"image\":\"\"},\"children\":[{\"type\":\"row\",\"props\":{\"layout\":\"1-1\",\"breakpoint\":\"m\",\"fixed_width\":\"large\",\"gutter\":\"\",\"width\":\"\",\"width_expand\":\"\",\"height\":\"\",\"margin\":\"\"},\"children\":[{\"type\":\"column\",\"props\":{\"widths\":[\"1-1\"],\"image_position\":\"center-center\",\"media_overlay_gradient\":\"\",\"vertical_align\":\"\",\"style\":\"\",\"text_color\":\"\",\"padding\":\"\"},\"children\":[{\"type\":\"video\",\"props\":{\"video_controls\":true,\"margin\":\"default\",\"video_autoplay\":\"\",\"video_box_shadow\":\"\",\"video_box_decoration\":\"\",\"text_align\":\"center\",\"text_align_breakpoint\":\"\",\"text_align_fallback\":\"\",\"maxwidth\":\"\",\"maxwidth_align\":\"\",\"maxwidth_breakpoint\":\"\",\"animation\":\"\",\"visibility\":\"\",\"video\":\" https:\\\/\\\/www.youtube.com\\\/watch?v=1VrFPBQq2Yk \",\"video_width\":\"1200\",\"video_height\":\"500\"}}]}]}]},{\"type\":\"section\",\"props\":{\"style\":\"default\",\"width\":\"default\",\"vertical_align\":\"middle\",\"title_position\":\"top-left\",\"title_rotation\":\"left\",\"title_breakpoint\":\"xl\",\"image_position\":\"center-center\",\"text_color\":\"\",\"width_expand\":\"\",\"height\":\"\",\"padding\":\"\",\"header_transparent\":\"\",\"animation\":\"\"},\"children\":[{\"type\":\"row\",\"props\":{\"layout\":\"1-1\",\"breakpoint\":\"m\",\"fixed_width\":\"large\",\"gutter\":\"\",\"width\":\"expand\",\"width_expand\":\"\",\"height\":\"\",\"margin\":\"\"},\"children\":[{\"type\":\"column\",\"props\":{\"widths\":[\"1-1\"],\"image_position\":\"center-center\",\"media_overlay_gradient\":\"\",\"vertical_align\":\"\",\"style\":\"\",\"text_color\":\"\",\"padding\":\"\"},\"children\":[{\"type\":\"headline\",\"props\":{\"title_element\":\"h1\",\"title_style\":\"heading-hero\",\"title_decoration\":\"\",\"title_color\":\"\",\"text_align\":\"\",\"text_align_breakpoint\":\"\",\"text_align_fallback\":\"\",\"maxwidth\":\"\",\"maxwidth_align\":\"\",\"maxwidth_breakpoint\":\"\",\"margin\":\"\",\"animation\":\"\",\"visibility\":\"\",\"content\":\"El evento - 2019\"}},{\"type\":\"text\",\"props\":{\"margin\":\"default\",\"column_breakpoint\":\"m\",\"text_style\":\"\",\"text_color\":\"emphasis\",\"text_size\":\"large\",\"column\":\"\",\"text_align\":\"justify\",\"text_align_breakpoint\":\"\",\"text_align_fallback\":\"\",\"maxwidth\":\"\",\"maxwidth_align\":\"\",\"maxwidth_breakpoint\":\"\",\"animation\":\"\",\"visibility\":\"\",\"content\":\"\n\n<p>ISDE SPORTS CONVENTION, el evento de referencia en el sector deportivo y jur\\u00eddico a nivel mundial, celebra una nueva edici\\u00f3n tras el \\u00e9xito cosechado en las anteriores ediciones de Barcelona y Madrid.<\\\/p>\\n\n\n<p>ISDE SPORTS CONVENTION se presenta como una plataforma de conexi\\u00f3n dise\\u00f1ada para crear oportunidades de negocio. Durante dos d\\u00edas y bajo un formato de networking, todo el mercado de la esfera jur\\u00eddico deportiva se concentrar\\u00e1 para tratar temas de suma importancia para el sector.<\\\/p>\\n\n\n<p>La Liga y Banco Santander forman parte de este evento liderado por ISDE, en el que prestigiosas figuras del deporte y del sector jur\\u00eddico dar\\u00e1n testimonio sobre el pasado, presente y futuro de sus respectivas industrias.<\\\/p>\",\"dropcap\":false,\"column_divider\":false}},{\"type\":\"headline\",\"props\":{\"title_element\":\"h3\",\"title_style\":\"\",\"title_decoration\":\"line\",\"title_color\":\"\",\"text_align\":\"\",\"text_align_breakpoint\":\"\",\"text_align_fallback\":\"\",\"maxwidth\":\"\",\"maxwidth_align\":\"\",\"maxwidth_breakpoint\":\"\",\"margin\":\"\",\"animation\":\"\",\"visibility\":\"\",\"content\":\"Premiados\"}},{\"type\":\"grid\",\"props\":{\"show_title\":true,\"show_meta\":true,\"show_content\":true,\"show_image\":true,\"show_link\":true,\"grid_default\":\"1\",\"grid_medium\":\"3\",\"filter_style\":\"tab\",\"filter_all\":true,\"filter_position\":\"top\",\"filter_align\":\"left\",\"filter_grid_width\":\"auto\",\"filter_breakpoint\":\"m\",\"title_element\":\"h3\",\"meta_style\":\"meta\",\"meta_align\":\"bottom\",\"icon_ratio\":4,\"image_align\":\"top\",\"image_grid_width\":\"1-2\",\"image_breakpoint\":\"m\",\"image_svg_color\":\"emphasis\",\"link_text\":\"Read more\",\"link_style\":\"default\",\"margin\":\"default\",\"item_animation\":\"\",\"gutter\":\"\",\"grid_small\":\"\",\"grid_large\":\"\",\"grid_xlarge\":\"\",\"filter_margin\":\"\",\"filter_gutter\":\"\",\"title_display\":\"\",\"content_display\":\"\",\"panel_style\":\"\",\"panel_size\":\"\",\"item_maxwidth\":\"\",\"title_style\":\"\",\"title_decoration\":\"\",\"title_color\":\"\",\"title_margin\":\"\",\"meta_color\":\"\",\"meta_margin\":\"\",\"content_style\":\"\",\"content_margin\":\"\",\"image_border\":\"\",\"image_box_shadow\":\"\",\"image_hover_box_shadow\":\"\",\"image_box_decoration\":\"\",\"icon_color\":\"\",\"image_gutter\":\"\",\"image_margin\":\"\",\"link_size\":\"\",\"link_margin\":\"\",\"text_align\":\"\",\"text_align_breakpoint\":\"\",\"text_align_fallback\":\"\",\"maxwidth\":\"\",\"maxwidth_align\":\"\",\"maxwidth_breakpoint\":\"\",\"visibility\":\"\"},\"children\":[{\"type\":\"grid_item\",\"props\":{\"image\":\"wp-content\\\/uploads\\\/2021\\\/11\\\/output-onlinepngtools-4.png\",\"content\":\"\",\"title\":\"Premio Mejor Deportista en Madrid: Joana Pastrana\\u202f\"}},{\"type\":\"grid_item\",\"props\":{\"image\":\"wp-content\\\/uploads\\\/2021\\\/11\\\/output-onlinepngtools-3.png\",\"title\":\"Premio Nacional:\\u202fCarolina Mar\\u00edn\\u202f\"}},{\"type\":\"grid_item\",\"props\":{\"title\":\"Premio internacional: Ronaldo\\u202fNaz\\u00e1rio\",\"image\":\"wp-content\\\/uploads\\\/2021\\\/11\\\/output-onlinepngtools-5.png\"}}]}]}]}]},{\"type\":\"section\",\"props\":{\"style\":\"default\",\"width\":\"default\",\"vertical_align\":\"middle\",\"title_position\":\"top-left\",\"title_rotation\":\"left\",\"title_breakpoint\":\"xl\",\"image_position\":\"center-center\",\"text_color\":\"\",\"width_expand\":\"\",\"height\":\"\",\"padding\":\"\",\"header_transparent\":\"\",\"animation\":\"\"},\"children\":[{\"type\":\"row\",\"props\":{\"layout\":\"1-1\",\"breakpoint\":\"m\",\"fixed_width\":\"large\",\"gutter\":\"\",\"width\":\"expand\",\"width_expand\":\"\",\"height\":\"\",\"margin\":\"\"},\"children\":[{\"type\":\"column\",\"props\":{\"widths\":[\"1-1\"],\"image_position\":\"center-center\",\"media_overlay_gradient\":\"\",\"vertical_align\":\"\",\"style\":\"\",\"text_color\":\"\",\"padding\":\"\"},\"children\":[{\"type\":\"headline\",\"props\":{\"title_element\":\"h3\",\"title_style\":\"\",\"title_decoration\":\"line\",\"title_color\":\"\",\"text_align\":\"\",\"text_align_breakpoint\":\"\",\"text_align_fallback\":\"\",\"maxwidth\":\"\",\"maxwidth_align\":\"\",\"maxwidth_breakpoint\":\"\",\"margin\":\"\",\"animation\":\"\",\"visibility\":\"\",\"content\":\"Tem\\u00e1ticas\"}},{\"type\":\"grid\",\"props\":{\"show_title\":true,\"show_meta\":true,\"show_content\":true,\"show_image\":true,\"show_link\":true,\"grid_default\":\"1\",\"grid_medium\":\"2\",\"filter_style\":\"tab\",\"filter_all\":true,\"filter_position\":\"top\",\"filter_align\":\"left\",\"filter_grid_width\":\"auto\",\"filter_breakpoint\":\"m\",\"title_element\":\"h3\",\"meta_style\":\"meta\",\"meta_align\":\"bottom\",\"icon_ratio\":4,\"image_align\":\"top\",\"image_grid_width\":\"1-2\",\"image_breakpoint\":\"m\",\"image_svg_color\":\"emphasis\",\"link_text\":\"Read more\",\"link_style\":\"default\",\"margin\":\"medium\",\"item_animation\":\"\",\"gutter\":\"\",\"grid_small\":\"\",\"grid_large\":\"\",\"grid_xlarge\":\"\",\"filter_margin\":\"\",\"filter_gutter\":\"\",\"title_display\":\"\",\"content_display\":\"\",\"panel_style\":\"card-secondary\",\"panel_size\":\"\",\"item_maxwidth\":\"\",\"title_style\":\"h3\",\"title_decoration\":\"\",\"title_color\":\"\",\"title_margin\":\"\",\"meta_color\":\"\",\"meta_margin\":\"\",\"content_style\":\"\",\"content_margin\":\"\",\"image_border\":\"\",\"image_box_shadow\":\"\",\"image_hover_box_shadow\":\"\",\"image_box_decoration\":\"\",\"icon_color\":\"\",\"image_gutter\":\"\",\"image_margin\":\"\",\"link_size\":\"\",\"link_margin\":\"\",\"text_align\":\"\",\"text_align_breakpoint\":\"\",\"text_align_fallback\":\"\",\"maxwidth\":\"\",\"maxwidth_align\":\"\",\"maxwidth_breakpoint\":\"\",\"visibility\":\"\",\"grid_masonry\":false},\"children\":[{\"type\":\"grid_item\",\"props\":{\"title\":\"Bloque 1: \\u00c1rea jur\\u00eddica\",\"content\":\"\n\n<ul style=\\\"font-size: 19px;\\\">\\n\n\n<li>Mesa 1: La Integridad en el Deporte<\\\/li>\\n\n\n<li>Mesa 2: Arbitraje. Jurisprudencia TAS<\\\/li>\\n\n\n<li>Mesa 3: Transferencia de jugadores - Menores<\\\/li>\\n<\\\/ul>\"}},{\"type\":\"grid_item\",\"props\":{\"title\":\"Bloque 2: \\u00c1rea econ\\u00f3mica & management\",\"content\":\"\n\n<ul style=\\\"font-size: 19px;\\\">\\n\n\n<li>Mesa 4: Tax\\\/M&amp;A - Compraventa de clubes<\\\/li>\\n\n\n<li>Mesa 5: Blockchain<\\\/li>\\n\n\n<li>Mesa 6: eSports<\\\/li>\\n<\\\/ul>\"}},{\"type\":\"grid_item\",\"props\":{\"title\":\"Bloque 3: \\u00c1rea de comunicaci\\u00f3n,  marketing y tecnolog\\u00eda\",\"content\":\"\n\n<ul style=\\\"font-size:19px;\\\">\\n\n\n<li>Mesa 7: Nuevas Plataformas \\\/ Actores \\\/ Derecho de Imagen<\\\/li>\\n\n\n<li>Mesa 8: Grandes eventos y sostenibilidad<\\\/li>\\n\n\n<li>Mesa 9: Deporte inclusivo<\\\/li>\\n<\\\/ul>\"}},{\"type\":\"grid_item\",\"props\":{\"title\":\"Bloque 4: \\u00c1rea del deporte femenino\",\"content\":\"\n\n<p style=\\\"font-size:19px;\\\">Mesa 10: Presente y futuro del deporte femenino para el desarrollo y evoluci\\u00f3n de la industria del deporte.<\\\/p>\"}}]}]}]}]}],\"version\":\"1.18.16\",\"props\":[]} --><\/p>\n","protected":false},"excerpt":{"rendered":"<p>El evento &#8211; 2019 ISDE SPORTS CONVENTION, el evento de referencia en el sector deportivo y jur\u00eddico a nivel mundial, celebra una nueva edici\u00f3n tras el \u00e9xito cosechado en las anteriores ediciones de Barcelona y Madrid. ISDE SPORTS CONVENTION se presenta como una plataforma de conexi\u00f3n dise\u00f1ada para crear oportunidades de negocio. Durante dos d\u00edas [&hellip;]<\/p>\n","protected":false},"author":1,"featured_media":0,"parent":0,"menu_order":0,"comment_status":"closed","ping_status":"closed","template":"","meta":{"footnotes":""},"yoast_head":"<!-- This site is optimized with the Yoast SEO plugin v22.6 - https:\/\/yoast.com\/wordpress\/plugins\/seo\/ -->\n<title>El Evento 2019 - ISDE Sports Convention<\/title>\n<meta name=\"robots\" content=\"index, follow, max-snippet:-1, max-image-preview:large, max-video-preview:-1\" \/>\n<link rel=\"canonical\" href=\"https:\/\/isdesportsconvention.com\/es\/el-evento-2019\/\" \/>\n<meta property=\"og:locale\" content=\"es_ES\" \/>\n<meta property=\"og:type\" content=\"article\" \/>\n<meta property=\"og:title\" content=\"El Evento 2019 - ISDE Sports Convention\" \/>\n<meta property=\"og:description\" content=\"El evento &#8211; 2019 ISDE SPORTS CONVENTION, el evento de referencia en el sector deportivo y jur\u00eddico a nivel mundial, celebra una nueva edici\u00f3n tras el \u00e9xito cosechado en las anteriores ediciones de Barcelona y Madrid. ISDE SPORTS CONVENTION se presenta como una plataforma de conexi\u00f3n dise\u00f1ada para crear oportunidades de negocio. Durante dos d\u00edas [&hellip;]\" \/>\n<meta property=\"og:url\" content=\"https:\/\/isdesportsconvention.com\/es\/el-evento-2019\/\" \/>\n<meta property=\"og:site_name\" content=\"ISDE Sports Convention\" \/>\n<meta property=\"article:modified_time\" content=\"2021-11-26T10:01:52+00:00\" \/>\n<meta name=\"twitter:card\" content=\"summary_large_image\" \/>\n<meta name=\"twitter:label1\" content=\"Tiempo de lectura\" \/>\n\t<meta name=\"twitter:data1\" content=\"1 minuto\" \/>\n<script type=\"application\/ld+json\" class=\"yoast-schema-graph\">{\"@context\":\"https:\/\/schema.org\",\"@graph\":[{\"@type\":\"WebPage\",\"@id\":\"https:\/\/isdesportsconvention.com\/es\/el-evento-2019\/\",\"url\":\"https:\/\/isdesportsconvention.com\/es\/el-evento-2019\/\",\"name\":\"El Evento 2019 - ISDE Sports Convention\",\"isPartOf\":{\"@id\":\"https:\/\/isdesportsconvention.com\/es\/#website\"},\"datePublished\":\"2020-02-26T13:39:01+00:00\",\"dateModified\":\"2021-11-26T10:01:52+00:00\",\"breadcrumb\":{\"@id\":\"https:\/\/isdesportsconvention.com\/es\/el-evento-2019\/#breadcrumb\"},\"inLanguage\":\"es\",\"potentialAction\":[{\"@type\":\"ReadAction\",\"target\":[\"https:\/\/isdesportsconvention.com\/es\/el-evento-2019\/\"]}]},{\"@type\":\"BreadcrumbList\",\"@id\":\"https:\/\/isdesportsconvention.com\/es\/el-evento-2019\/#breadcrumb\",\"itemListElement\":[{\"@type\":\"ListItem\",\"position\":1,\"name\":\"Portada\",\"item\":\"https:\/\/isdesportsconvention.com\/es\/\"},{\"@type\":\"ListItem\",\"position\":2,\"name\":\"El Evento 2019\"}]},{\"@type\":\"WebSite\",\"@id\":\"https:\/\/isdesportsconvention.com\/es\/#website\",\"url\":\"https:\/\/isdesportsconvention.com\/es\/\",\"name\":\"ISDE Sports Convention\",\"description\":\"ISDE Sports Convention\",\"publisher\":{\"@id\":\"https:\/\/isdesportsconvention.com\/es\/#organization\"},\"potentialAction\":[{\"@type\":\"SearchAction\",\"target\":{\"@type\":\"EntryPoint\",\"urlTemplate\":\"https:\/\/isdesportsconvention.com\/es\/?s={search_term_string}\"},\"query-input\":\"required name=search_term_string\"}],\"inLanguage\":\"es\"},{\"@type\":\"Organization\",\"@id\":\"https:\/\/isdesportsconvention.com\/es\/#organization\",\"name\":\"ISDE Sports Convention\",\"url\":\"https:\/\/isdesportsconvention.com\/es\/\",\"logo\":{\"@type\":\"ImageObject\",\"inLanguage\":\"es\",\"@id\":\"https:\/\/isdesportsconvention.com\/es\/#\/schema\/logo\/image\/\",\"url\":\"https:\/\/isdesportsconvention.com\/wp-content\/uploads\/2024\/04\/isotipo.png\",\"contentUrl\":\"https:\/\/isdesportsconvention.com\/wp-content\/uploads\/2024\/04\/isotipo.png\",\"width\":533,\"height\":533,\"caption\":\"ISDE Sports Convention\"},\"image\":{\"@id\":\"https:\/\/isdesportsconvention.com\/es\/#\/schema\/logo\/image\/\"}}]}<\/script>\n<!-- \/ Yoast SEO plugin. -->","yoast_head_json":{"title":"El Evento 2019 - ISDE Sports Convention","robots":{"index":"index","follow":"follow","max-snippet":"max-snippet:-1","max-image-preview":"max-image-preview:large","max-video-preview":"max-video-preview:-1"},"canonical":"https:\/\/isdesportsconvention.com\/es\/el-evento-2019\/","og_locale":"es_ES","og_type":"article","og_title":"El Evento 2019 - ISDE Sports Convention","og_description":"El evento &#8211; 2019 ISDE SPORTS CONVENTION, el evento de referencia en el sector deportivo y jur\u00eddico a nivel mundial, celebra una nueva edici\u00f3n tras el \u00e9xito cosechado en las anteriores ediciones de Barcelona y Madrid. ISDE SPORTS CONVENTION se presenta como una plataforma de conexi\u00f3n dise\u00f1ada para crear oportunidades de negocio. Durante dos d\u00edas [&hellip;]","og_url":"https:\/\/isdesportsconvention.com\/es\/el-evento-2019\/","og_site_name":"ISDE Sports Convention","article_modified_time":"2021-11-26T10:01:52+00:00","twitter_card":"summary_large_image","twitter_misc":{"Tiempo de lectura":"1 minuto"},"schema":{"@context":"https:\/\/schema.org","@graph":[{"@type":"WebPage","@id":"https:\/\/isdesportsconvention.com\/es\/el-evento-2019\/","url":"https:\/\/isdesportsconvention.com\/es\/el-evento-2019\/","name":"El Evento 2019 - ISDE Sports Convention","isPartOf":{"@id":"https:\/\/isdesportsconvention.com\/es\/#website"},"datePublished":"2020-02-26T13:39:01+00:00","dateModified":"2021-11-26T10:01:52+00:00","breadcrumb":{"@id":"https:\/\/isdesportsconvention.com\/es\/el-evento-2019\/#breadcrumb"},"inLanguage":"es","potentialAction":[{"@type":"ReadAction","target":["https:\/\/isdesportsconvention.com\/es\/el-evento-2019\/"]}]},{"@type":"BreadcrumbList","@id":"https:\/\/isdesportsconvention.com\/es\/el-evento-2019\/#breadcrumb","itemListElement":[{"@type":"ListItem","position":1,"name":"Portada","item":"https:\/\/isdesportsconvention.com\/es\/"},{"@type":"ListItem","position":2,"name":"El Evento 2019"}]},{"@type":"WebSite","@id":"https:\/\/isdesportsconvention.com\/es\/#website","url":"https:\/\/isdesportsconvention.com\/es\/","name":"ISDE Sports Convention","description":"ISDE Sports Convention","publisher":{"@id":"https:\/\/isdesportsconvention.com\/es\/#organization"},"potentialAction":[{"@type":"SearchAction","target":{"@type":"EntryPoint","urlTemplate":"https:\/\/isdesportsconvention.com\/es\/?s={search_term_string}"},"query-input":"required name=search_term_string"}],"inLanguage":"es"},{"@type":"Organization","@id":"https:\/\/isdesportsconvention.com\/es\/#organization","name":"ISDE Sports Convention","url":"https:\/\/isdesportsconvention.com\/es\/","logo":{"@type":"ImageObject","inLanguage":"es","@id":"https:\/\/isdesportsconvention.com\/es\/#\/schema\/logo\/image\/","url":"https:\/\/isdesportsconvention.com\/wp-content\/uploads\/2024\/04\/isotipo.png","contentUrl":"https:\/\/isdesportsconvention.com\/wp-content\/uploads\/2024\/04\/isotipo.png","width":533,"height":533,"caption":"ISDE Sports Convention"},"image":{"@id":"https:\/\/isdesportsconvention.com\/es\/#\/schema\/logo\/image\/"}}]}},"_links":{"self":[{"href":"https:\/\/isdesportsconvention.com\/es\/wp-json\/wp\/v2\/pages\/1642"}],"collection":[{"href":"https:\/\/isdesportsconvention.com\/es\/wp-json\/wp\/v2\/pages"}],"about":[{"href":"https:\/\/isdesportsconvention.com\/es\/wp-json\/wp\/v2\/types\/page"}],"author":[{"embeddable":true,"href":"https:\/\/isdesportsconvention.com\/es\/wp-json\/wp\/v2\/users\/1"}],"replies":[{"embeddable":true,"href":"https:\/\/isdesportsconvention.com\/es\/wp-json\/wp\/v2\/comments?post=1642"}],"version-history":[{"count":4,"href":"https:\/\/isdesportsconvention.com\/es\/wp-json\/wp\/v2\/pages\/1642\/revisions"}],"predecessor-version":[{"id":2059,"href":"https:\/\/isdesportsconvention.com\/es\/wp-json\/wp\/v2\/pages\/1642\/revisions\/2059"}],"wp:attachment":[{"href":"https:\/\/isdesportsconvention.com\/es\/wp-json\/wp\/v2\/media?parent=1642"}],"curies":[{"name":"wp","href":"https:\/\/api.w.org\/{rel}","templated":true}]}}