{"id":2789,"date":"2024-03-06T13:31:48","date_gmt":"2024-03-06T12:31:48","guid":{"rendered":"https:\/\/isdesportsconvention.com\/?page_id=2789"},"modified":"2025-02-26T09:26:21","modified_gmt":"2025-02-26T08:26:21","slug":"el-evento-2024","status":"publish","type":"page","link":"https:\/\/isdesportsconvention.com\/es\/el-evento-2024\/","title":{"rendered":"El evento 2024"},"content":{"rendered":"<p><iframe src=\"https:\/\/www.youtube.com\/watch?v=iLtYPrXCxMM\"><\/iframe><\/p>\n<h1>El evento &#8211; 2024<\/h1>\n<div>\n<p>Madrid ser\u00e1 la sede de la quinta edici\u00f3n del <strong>CONGRESO DE DEPORTES ISDE<\/strong>, el \u00fanico congreso nacional organizado por un centro de formaci\u00f3n, donde se discutir\u00e1n y analizar\u00e1n los eventos clave en el sector deportivo y legal a nivel mundial.<\/p>\n<p>Este nuevo evento tendr\u00e1 lugar en Madrid y est\u00e1 dirigido a crear v\u00ednculos internacionales como oportunidades de negocio y a formar expertos en las \u00e1reas m\u00e1s demandadas de la industria deportivo-legal.<\/p>\n<p>LaLiga patrocina este evento, liderado por ISDE, con la colaboraci\u00f3n del Colegio de Abogados, la C\u00e1mara de Comercio de Madrid y el Ayuntamiento de Madrid, donde figuras prestigiosas de los sectores deportivo y legal dar\u00e1n testimonio sobre el pasado, presente y futuro de sus respectivas industrias.<\/p>\n<\/div>\n<h3>GANADORES<\/h3>\n<ul>\n<li>\n<p>        <img decoding=\"async\" src=\"wp-content\/uploads\/2025\/02\/DSC00672-2-copia-1.webp\" alt=\"250\"><\/p>\n<h3>ABEL ANT\u00d3N<\/h3>\n<div>\n<p style=\"text-align: center;\">PREMIO LEYENDA<\/p>\n<\/div>\n<\/li>\n<li>\n<p>        <img decoding=\"async\" src=\"wp-content\/uploads\/2025\/02\/DSC00654-2-copia-1.webp\" alt=\"\"><\/p>\n<h3>\u00c1lvaro Arbeloa<\/h3>\n<div>\n<p>PREMIO A LA TRAYECTORIA DEPORTIVA<\/p>\n<\/div>\n<\/li>\n<li>\n<p>        <img decoding=\"async\" src=\"wp-content\/uploads\/2025\/02\/DSC00705-2-copia.webp\" alt=\"\"><\/p>\n<h3>ISABEL D\u00edAZ AYUSO<\/h3>\n<div>\n<p>PREMIO A LA TRAYECTORIA INSTITUCIONAL<\/p>\n<\/div>\n<\/li>\n<li>\n<p>        <img decoding=\"async\" src=\"wp-content\/uploads\/2025\/02\/DSC00665-2-copia.webp\" alt=\"\"><\/p>\n<h3>SELECCI\u00d3N ESPA\u00d1OLA FEMENINA DE  F\u00daTBOL<\/h3>\n<div>\n<p>PREMIO NACIONAL<\/p>\n<\/div>\n<\/li>\n<\/ul>\n<h3>Topics<\/h3>\n<ul>\n<li>\n<div>\n<ul style=\"font-size: 19px;\">\n<li>\n<p>Mesa 1: <strong>LEADING CASE OF THE TAS 2024<\/strong><\/p>\n<\/li>\n<\/ul>\n<\/div>\n<\/li>\n<li>\n<div>\n<ul style=\"font-size: 19px;\">\n<li>\n<p>Mesa 2: <strong>EJEMPLOS PRODUCTIVOS DE FINANCIACI\u00d3N PARA LA ORGANIZACI\u00d3N DE EVENTOS DEPORTIVOS: MADRID, CIUDAD MODELO<\/strong><\/p>\n<\/li>\n<\/ul>\n<\/div>\n<\/li>\n<li>\n<div>\n<ul style=\"font-size: 19px;\">\n<li>\n<p>Mesa 3: <strong>EL FEN\u00d3MENO DE LOS DEPORTES DE CONTACTO: CAUSAS DE SU EXITOSA IRRUPCI\u00d3N<\/strong><\/p>\n<\/li>\n<\/ul>\n<\/div>\n<\/li>\n<li>\n<div>\n<ul style=\"font-size: 19px;\">\n<li>Mesa 4: <strong>NUEVOS MODELOS DE NEGOCIO EN EL F\u00daTBOL: EL BOOM DEL F\u00daTBOL DE ORIENTE MEDIO<\/strong><\/li>\n<\/ul>\n<\/div>\n<\/li>\n<li>\n<div>\n<ul style=\"font-size: 19px;\">\n<li>\n<p>Mesa 5: <strong>LAS PERSPECTIVAS DEL DEPORTE EN EL FUTURO: ENTRETENIMIENTO Y TECNOLOG\u00cdA<\/strong><\/p>\n<\/li>\n<\/ul>\n<\/div>\n<\/li>\n<li>\n<div>\n<ul style=\"font-size: 19px;\">\n<li>\n<p>Mesa 6: <strong>LA GESTI\u00d3N Y FORMACI\u00d3N DEL DEPORTE FEMENINO: RETOS Y OPORTUNIDADES<\/strong><\/p>\n<\/li>\n<\/ul>\n<\/div>\n<\/li>\n<\/ul>\n<p><!-- {\"name\":\"2024 - Event\",\"type\":\"layout\",\"children\":[{\"type\":\"section\",\"props\":{\"style\":\"secondary\",\"width\":\"expand\",\"vertical_align\":\"middle\",\"title_position\":\"top-left\",\"title_rotation\":\"left\",\"title_breakpoint\":\"xl\",\"image_position\":\"center-center\",\"text_color\":\"\",\"width_expand\":\"\",\"height\":\"\",\"padding\":\"\",\"header_transparent\":\"\",\"animation\":\"\",\"padding_remove_top\":true,\"padding_remove_bottom\":true,\"image\":\"\",\"status\":\"disabled\"},\"children\":[{\"type\":\"row\",\"props\":{\"layout\":\"1-1\",\"breakpoint\":\"m\",\"fixed_width\":\"large\",\"gutter\":\"\",\"width\":\"\",\"width_expand\":\"\",\"height\":\"\",\"margin\":\"\"},\"children\":[{\"type\":\"column\",\"props\":{\"widths\":[\"1-1\"],\"image_position\":\"center-center\",\"media_overlay_gradient\":\"\",\"vertical_align\":\"\",\"style\":\"\",\"text_color\":\"\",\"padding\":\"\"},\"children\":[{\"type\":\"video\",\"props\":{\"video_controls\":true,\"margin\":\"default\",\"video_autoplay\":\"\",\"video_box_shadow\":\"\",\"video_box_decoration\":\"\",\"text_align\":\"center\",\"text_align_breakpoint\":\"\",\"text_align_fallback\":\"\",\"maxwidth\":\"\",\"maxwidth_align\":\"\",\"maxwidth_breakpoint\":\"\",\"animation\":\"\",\"visibility\":\"\",\"video\":\"https:\\\/\\\/www.youtube.com\\\/watch?v=iLtYPrXCxMM\",\"video_width\":\"1200\",\"video_height\":\"500\"}}]}]}]},{\"type\":\"section\",\"props\":{\"style\":\"default\",\"width\":\"default\",\"vertical_align\":\"middle\",\"title_position\":\"top-left\",\"title_rotation\":\"left\",\"title_breakpoint\":\"xl\",\"image_position\":\"center-center\",\"text_color\":\"\",\"width_expand\":\"\",\"height\":\"\",\"padding\":\"\",\"header_transparent\":\"\",\"animation\":\"\"},\"children\":[{\"type\":\"row\",\"props\":{\"layout\":\"1-1\",\"breakpoint\":\"m\",\"fixed_width\":\"large\",\"gutter\":\"\",\"width\":\"expand\",\"width_expand\":\"\",\"height\":\"\",\"margin\":\"\"},\"children\":[{\"type\":\"column\",\"props\":{\"widths\":[\"1-1\"],\"image_position\":\"center-center\",\"media_overlay_gradient\":\"\",\"vertical_align\":\"\",\"style\":\"\",\"text_color\":\"\",\"padding\":\"\"},\"children\":[{\"type\":\"headline\",\"props\":{\"title_element\":\"h1\",\"title_style\":\"heading-hero\",\"title_decoration\":\"\",\"title_color\":\"\",\"text_align\":\"left\",\"text_align_breakpoint\":\"\",\"text_align_fallback\":\"\",\"maxwidth\":\"\",\"maxwidth_align\":\"\",\"maxwidth_breakpoint\":\"\",\"margin\":\"\",\"animation\":\"\",\"visibility\":\"\",\"content\":\"El evento - 2024\"}},{\"type\":\"text\",\"props\":{\"margin\":\"default\",\"column_breakpoint\":\"m\",\"text_style\":\"\",\"text_color\":\"emphasis\",\"text_size\":\"large\",\"column\":\"\",\"text_align\":\"justify\",\"text_align_breakpoint\":\"\",\"text_align_fallback\":\"\",\"maxwidth\":\"\",\"maxwidth_align\":\"\",\"maxwidth_breakpoint\":\"\",\"animation\":\"\",\"visibility\":\"\",\"content\":\"\n\n<p>Madrid ser\\u00e1 la sede de la quinta edici\\u00f3n del <strong>CONGRESO DE DEPORTES ISDE<\\\/strong>, el \\u00fanico congreso nacional organizado por un centro de formaci\\u00f3n, donde se discutir\\u00e1n y analizar\\u00e1n los eventos clave en el sector deportivo y legal a nivel mundial.<\\\/p>\\n\n\n<p>Este nuevo evento tendr\\u00e1 lugar en Madrid y est\\u00e1 dirigido a crear v\\u00ednculos internacionales como oportunidades de negocio y a formar expertos en las \\u00e1reas m\\u00e1s demandadas de la industria deportivo-legal.<\\\/p>\\n\n\n<p>LaLiga patrocina este evento, liderado por ISDE, con la colaboraci\\u00f3n del Colegio de Abogados, la C\\u00e1mara de Comercio de Madrid y el Ayuntamiento de Madrid, donde figuras prestigiosas de los sectores deportivo y legal dar\\u00e1n testimonio sobre el pasado, presente y futuro de sus respectivas industrias.<\\\/p>\",\"dropcap\":false,\"column_divider\":false}},{\"type\":\"headline\",\"props\":{\"title_element\":\"h3\",\"title_style\":\"\",\"title_decoration\":\"line\",\"title_color\":\"\",\"text_align\":\"\",\"text_align_breakpoint\":\"\",\"text_align_fallback\":\"\",\"maxwidth\":\"\",\"maxwidth_align\":\"\",\"maxwidth_breakpoint\":\"\",\"margin\":\"\",\"animation\":\"\",\"visibility\":\"\",\"content\":\"GANADORES\"}},{\"type\":\"grid\",\"props\":{\"show_title\":true,\"show_meta\":true,\"show_content\":true,\"show_image\":true,\"show_link\":true,\"grid_default\":\"2\",\"grid_medium\":\"4\",\"filter_style\":\"tab\",\"filter_all\":true,\"filter_position\":\"top\",\"filter_align\":\"left\",\"filter_grid_width\":\"auto\",\"filter_breakpoint\":\"m\",\"title_element\":\"h3\",\"meta_style\":\"meta\",\"meta_align\":\"bottom\",\"icon_ratio\":\"\",\"image_align\":\"top\",\"image_grid_width\":\"1-2\",\"image_breakpoint\":\"m\",\"image_svg_color\":\"emphasis\",\"link_text\":\"\",\"link_style\":\"default\",\"margin\":\"default\",\"item_animation\":\"\",\"gutter\":\"\",\"grid_small\":\"\",\"grid_large\":\"\",\"grid_xlarge\":\"\",\"filter_margin\":\"\",\"filter_gutter\":\"\",\"title_display\":\"\",\"content_display\":\"\",\"panel_style\":\"\",\"panel_size\":\"\",\"item_maxwidth\":\"\",\"title_style\":\"h4\",\"title_decoration\":\"\",\"title_color\":\"\",\"title_margin\":\"\",\"meta_color\":\"\",\"meta_margin\":\"\",\"content_style\":\"\",\"content_margin\":\"\",\"image_border\":\"\",\"image_box_shadow\":\"\",\"image_hover_box_shadow\":\"\",\"image_box_decoration\":\"\",\"icon_color\":\"\",\"image_gutter\":\"\",\"image_margin\":\"\",\"link_size\":\"\",\"link_margin\":\"\",\"text_align\":\"center\",\"text_align_breakpoint\":\"\",\"text_align_fallback\":\"\",\"maxwidth\":\"\",\"maxwidth_align\":\"\",\"maxwidth_breakpoint\":\"\",\"visibility\":\"\",\"image_width\":\"200%\",\"grid_masonry\":false,\"lightbox\":false,\"image_height\":\"200%\"},\"children\":[{\"type\":\"grid_item\",\"props\":{\"image\":\"wp-content\\\/uploads\\\/2025\\\/02\\\/DSC00672-2-copia-1.webp\",\"title\":\"ABEL ANT\\u00d3N\",\"content\":\"\n\n<p style=\\\"text-align: center;\\\">PREMIO LEYENDA<\\\/p>\",\"image_alt\":\"250\"}},{\"type\":\"grid_item\",\"props\":{\"image\":\"wp-content\\\/uploads\\\/2025\\\/02\\\/DSC00654-2-copia-1.webp\",\"title\":\"\\u00c1lvaro Arbeloa\",\"content\":\"\n\n<p>PREMIO A LA TRAYECTORIA DEPORTIVA<\\\/p>\"}},{\"type\":\"grid_item\",\"props\":{\"image\":\"wp-content\\\/uploads\\\/2025\\\/02\\\/DSC00705-2-copia.webp\",\"title\":\"ISABEL D\\u00edAZ AYUSO\",\"content\":\"\n\n<p>PREMIO A LA TRAYECTORIA INSTITUCIONAL<\\\/p>\"}},{\"type\":\"grid_item\",\"props\":{\"image\":\"wp-content\\\/uploads\\\/2025\\\/02\\\/DSC00665-2-copia.webp\",\"title\":\"SELECCI\\u00d3N ESPA\\u00d1OLA FEMENINA DE  F\\u00daTBOL\",\"content\":\"\n\n<p>PREMIO NACIONAL<\\\/p>\"}}]},{\"type\":\"headline\",\"props\":{\"title_element\":\"h3\",\"title_style\":\"\",\"title_decoration\":\"line\",\"title_color\":\"\",\"text_align\":\"\",\"text_align_breakpoint\":\"\",\"text_align_fallback\":\"\",\"maxwidth\":\"\",\"maxwidth_align\":\"\",\"maxwidth_breakpoint\":\"\",\"margin\":\"\",\"animation\":\"\",\"visibility\":\"\",\"content\":\"Topics\"}},{\"type\":\"grid\",\"props\":{\"show_title\":true,\"show_meta\":true,\"show_content\":true,\"show_image\":true,\"show_link\":true,\"grid_default\":\"1\",\"grid_medium\":\"2\",\"filter_style\":\"tab\",\"filter_all\":true,\"filter_position\":\"top\",\"filter_align\":\"left\",\"filter_grid_width\":\"auto\",\"filter_breakpoint\":\"m\",\"title_element\":\"h3\",\"meta_style\":\"meta\",\"meta_align\":\"bottom\",\"icon_ratio\":4,\"image_align\":\"top\",\"image_grid_width\":\"1-2\",\"image_breakpoint\":\"m\",\"image_svg_color\":\"emphasis\",\"link_text\":\"Read more\",\"link_style\":\"default\",\"margin\":\"medium\",\"item_animation\":\"\",\"gutter\":\"\",\"grid_small\":\"\",\"grid_large\":\"\",\"grid_xlarge\":\"\",\"filter_margin\":\"\",\"filter_gutter\":\"\",\"title_display\":\"\",\"content_display\":\"\",\"panel_style\":\"card-secondary\",\"panel_size\":\"\",\"item_maxwidth\":\"\",\"title_style\":\"h3\",\"title_decoration\":\"\",\"title_color\":\"\",\"title_margin\":\"\",\"meta_color\":\"\",\"meta_margin\":\"\",\"content_style\":\"\",\"content_margin\":\"\",\"image_border\":\"\",\"image_box_shadow\":\"\",\"image_hover_box_shadow\":\"\",\"image_box_decoration\":\"\",\"icon_color\":\"\",\"image_gutter\":\"\",\"image_margin\":\"\",\"link_size\":\"\",\"link_margin\":\"\",\"text_align\":\"\",\"text_align_breakpoint\":\"\",\"text_align_fallback\":\"\",\"maxwidth\":\"\",\"maxwidth_align\":\"\",\"maxwidth_breakpoint\":\"\",\"visibility\":\"\",\"grid_masonry\":false},\"children\":[{\"type\":\"grid_item\",\"props\":{\"title\":\"\",\"content\":\"\n\n<ul style=\\\"font-size: 19px;\\\">\\n\n\n<li>\\n\n\n<p>Mesa 1: <strong>LEADING CASE OF THE TAS 2024<\\\/strong><\\\/p>\\n<\\\/li>\\n<\\\/ul>\"}},{\"type\":\"grid_item\",\"props\":{\"title\":\"\",\"content\":\"\n\n<ul style=\\\"font-size: 19px;\\\">\\n\n\n<li>\\n\n\n<p>Mesa 2: <strong>EJEMPLOS PRODUCTIVOS DE FINANCIACI\\u00d3N PARA LA ORGANIZACI\\u00d3N DE EVENTOS DEPORTIVOS: MADRID, CIUDAD MODELO<\\\/strong><\\\/p>\\n<\\\/li>\\n<\\\/ul>\"}},{\"type\":\"grid_item\",\"props\":{\"title\":\"\",\"content\":\"\n\n<ul style=\\\"font-size: 19px;\\\">\\n\n\n<li>\\n\n\n<p>Mesa 3: <strong>EL FEN\\u00d3MENO DE LOS DEPORTES DE CONTACTO: CAUSAS DE SU EXITOSA IRRUPCI\\u00d3N<\\\/strong><\\\/p>\\n<\\\/li>\\n<\\\/ul>\"}},{\"type\":\"grid_item\",\"props\":{\"title\":\"\",\"content\":\"\n\n<ul style=\\\"font-size: 19px;\\\">\\n\n\n<li>Mesa 4: <strong>NUEVOS MODELOS DE NEGOCIO EN EL F\\u00daTBOL: EL BOOM DEL F\\u00daTBOL DE ORIENTE MEDIO<\\\/strong><\\\/li>\\n<\\\/ul>\"}},{\"type\":\"grid_item\",\"props\":{\"title\":\"\",\"content\":\"\n\n<ul style=\\\"font-size: 19px;\\\">\\n\n\n<li>\\n\n\n<p>Mesa 5: <strong>LAS PERSPECTIVAS DEL DEPORTE EN EL FUTURO: ENTRETENIMIENTO Y TECNOLOG\\u00cdA<\\\/strong><\\\/p>\\n<\\\/li>\\n<\\\/ul>\"}},{\"type\":\"grid_item\",\"props\":{\"title\":\"\",\"content\":\"\n\n<ul style=\\\"font-size: 19px;\\\">\\n\n\n<li>\\n\n\n<p>Mesa 6: <strong>LA GESTI\\u00d3N Y FORMACI\\u00d3N DEL DEPORTE FEMENINO: RETOS Y OPORTUNIDADES<\\\/strong><\\\/p>\\n<\\\/li>\\n<\\\/ul>\"}}]}]}]}]}],\"version\":\"1.18.16\",\"props\":[]} --><\/p>\n","protected":false},"excerpt":{"rendered":"<p>El evento &#8211; 2024 Madrid ser\u00e1 la sede de la quinta edici\u00f3n del CONGRESO DE DEPORTES ISDE, el \u00fanico congreso nacional organizado por un centro de formaci\u00f3n, donde se discutir\u00e1n y analizar\u00e1n los eventos clave en el sector deportivo y legal a nivel mundial. Este nuevo evento tendr\u00e1 lugar en Madrid y est\u00e1 dirigido a [&hellip;]<\/p>\n","protected":false},"author":1,"featured_media":0,"parent":0,"menu_order":0,"comment_status":"closed","ping_status":"closed","template":"","meta":{"footnotes":""},"yoast_head":"<!-- This site is optimized with the Yoast SEO plugin v22.6 - https:\/\/yoast.com\/wordpress\/plugins\/seo\/ -->\n<title>El evento 2024 - ISDE Sports Convention<\/title>\n<meta name=\"robots\" content=\"index, follow, max-snippet:-1, max-image-preview:large, max-video-preview:-1\" \/>\n<link rel=\"canonical\" href=\"https:\/\/isdesportsconvention.com\/es\/el-evento-2024\/\" \/>\n<meta property=\"og:locale\" content=\"es_ES\" \/>\n<meta property=\"og:type\" content=\"article\" \/>\n<meta property=\"og:title\" content=\"El evento 2024 - ISDE Sports Convention\" \/>\n<meta property=\"og:description\" content=\"El evento &#8211; 2024 Madrid ser\u00e1 la sede de la quinta edici\u00f3n del CONGRESO DE DEPORTES ISDE, el \u00fanico congreso nacional organizado por un centro de formaci\u00f3n, donde se discutir\u00e1n y analizar\u00e1n los eventos clave en el sector deportivo y legal a nivel mundial. Este nuevo evento tendr\u00e1 lugar en Madrid y est\u00e1 dirigido a [&hellip;]\" \/>\n<meta property=\"og:url\" content=\"https:\/\/isdesportsconvention.com\/es\/el-evento-2024\/\" \/>\n<meta property=\"og:site_name\" content=\"ISDE Sports Convention\" \/>\n<meta property=\"article:modified_time\" content=\"2025-02-26T08:26:21+00:00\" \/>\n<meta name=\"twitter:card\" content=\"summary_large_image\" \/>\n<meta name=\"twitter:label1\" content=\"Tiempo de lectura\" \/>\n\t<meta name=\"twitter:data1\" content=\"2 minutos\" \/>\n<script type=\"application\/ld+json\" class=\"yoast-schema-graph\">{\"@context\":\"https:\/\/schema.org\",\"@graph\":[{\"@type\":\"WebPage\",\"@id\":\"https:\/\/isdesportsconvention.com\/es\/el-evento-2024\/\",\"url\":\"https:\/\/isdesportsconvention.com\/es\/el-evento-2024\/\",\"name\":\"El evento 2024 - ISDE Sports Convention\",\"isPartOf\":{\"@id\":\"https:\/\/isdesportsconvention.com\/es\/#website\"},\"datePublished\":\"2024-03-06T12:31:48+00:00\",\"dateModified\":\"2025-02-26T08:26:21+00:00\",\"breadcrumb\":{\"@id\":\"https:\/\/isdesportsconvention.com\/es\/el-evento-2024\/#breadcrumb\"},\"inLanguage\":\"es\",\"potentialAction\":[{\"@type\":\"ReadAction\",\"target\":[\"https:\/\/isdesportsconvention.com\/es\/el-evento-2024\/\"]}]},{\"@type\":\"BreadcrumbList\",\"@id\":\"https:\/\/isdesportsconvention.com\/es\/el-evento-2024\/#breadcrumb\",\"itemListElement\":[{\"@type\":\"ListItem\",\"position\":1,\"name\":\"Portada\",\"item\":\"https:\/\/isdesportsconvention.com\/es\/\"},{\"@type\":\"ListItem\",\"position\":2,\"name\":\"El evento 2024\"}]},{\"@type\":\"WebSite\",\"@id\":\"https:\/\/isdesportsconvention.com\/es\/#website\",\"url\":\"https:\/\/isdesportsconvention.com\/es\/\",\"name\":\"ISDE Sports Convention\",\"description\":\"ISDE Sports Convention\",\"publisher\":{\"@id\":\"https:\/\/isdesportsconvention.com\/es\/#organization\"},\"potentialAction\":[{\"@type\":\"SearchAction\",\"target\":{\"@type\":\"EntryPoint\",\"urlTemplate\":\"https:\/\/isdesportsconvention.com\/es\/?s={search_term_string}\"},\"query-input\":\"required name=search_term_string\"}],\"inLanguage\":\"es\"},{\"@type\":\"Organization\",\"@id\":\"https:\/\/isdesportsconvention.com\/es\/#organization\",\"name\":\"ISDE Sports Convention\",\"url\":\"https:\/\/isdesportsconvention.com\/es\/\",\"logo\":{\"@type\":\"ImageObject\",\"inLanguage\":\"es\",\"@id\":\"https:\/\/isdesportsconvention.com\/es\/#\/schema\/logo\/image\/\",\"url\":\"https:\/\/isdesportsconvention.com\/wp-content\/uploads\/2024\/04\/isotipo.png\",\"contentUrl\":\"https:\/\/isdesportsconvention.com\/wp-content\/uploads\/2024\/04\/isotipo.png\",\"width\":533,\"height\":533,\"caption\":\"ISDE Sports Convention\"},\"image\":{\"@id\":\"https:\/\/isdesportsconvention.com\/es\/#\/schema\/logo\/image\/\"}}]}<\/script>\n<!-- \/ Yoast SEO plugin. -->","yoast_head_json":{"title":"El evento 2024 - ISDE Sports Convention","robots":{"index":"index","follow":"follow","max-snippet":"max-snippet:-1","max-image-preview":"max-image-preview:large","max-video-preview":"max-video-preview:-1"},"canonical":"https:\/\/isdesportsconvention.com\/es\/el-evento-2024\/","og_locale":"es_ES","og_type":"article","og_title":"El evento 2024 - ISDE Sports Convention","og_description":"El evento &#8211; 2024 Madrid ser\u00e1 la sede de la quinta edici\u00f3n del CONGRESO DE DEPORTES ISDE, el \u00fanico congreso nacional organizado por un centro de formaci\u00f3n, donde se discutir\u00e1n y analizar\u00e1n los eventos clave en el sector deportivo y legal a nivel mundial. Este nuevo evento tendr\u00e1 lugar en Madrid y est\u00e1 dirigido a [&hellip;]","og_url":"https:\/\/isdesportsconvention.com\/es\/el-evento-2024\/","og_site_name":"ISDE Sports Convention","article_modified_time":"2025-02-26T08:26:21+00:00","twitter_card":"summary_large_image","twitter_misc":{"Tiempo de lectura":"2 minutos"},"schema":{"@context":"https:\/\/schema.org","@graph":[{"@type":"WebPage","@id":"https:\/\/isdesportsconvention.com\/es\/el-evento-2024\/","url":"https:\/\/isdesportsconvention.com\/es\/el-evento-2024\/","name":"El evento 2024 - ISDE Sports Convention","isPartOf":{"@id":"https:\/\/isdesportsconvention.com\/es\/#website"},"datePublished":"2024-03-06T12:31:48+00:00","dateModified":"2025-02-26T08:26:21+00:00","breadcrumb":{"@id":"https:\/\/isdesportsconvention.com\/es\/el-evento-2024\/#breadcrumb"},"inLanguage":"es","potentialAction":[{"@type":"ReadAction","target":["https:\/\/isdesportsconvention.com\/es\/el-evento-2024\/"]}]},{"@type":"BreadcrumbList","@id":"https:\/\/isdesportsconvention.com\/es\/el-evento-2024\/#breadcrumb","itemListElement":[{"@type":"ListItem","position":1,"name":"Portada","item":"https:\/\/isdesportsconvention.com\/es\/"},{"@type":"ListItem","position":2,"name":"El evento 2024"}]},{"@type":"WebSite","@id":"https:\/\/isdesportsconvention.com\/es\/#website","url":"https:\/\/isdesportsconvention.com\/es\/","name":"ISDE Sports Convention","description":"ISDE Sports Convention","publisher":{"@id":"https:\/\/isdesportsconvention.com\/es\/#organization"},"potentialAction":[{"@type":"SearchAction","target":{"@type":"EntryPoint","urlTemplate":"https:\/\/isdesportsconvention.com\/es\/?s={search_term_string}"},"query-input":"required name=search_term_string"}],"inLanguage":"es"},{"@type":"Organization","@id":"https:\/\/isdesportsconvention.com\/es\/#organization","name":"ISDE Sports Convention","url":"https:\/\/isdesportsconvention.com\/es\/","logo":{"@type":"ImageObject","inLanguage":"es","@id":"https:\/\/isdesportsconvention.com\/es\/#\/schema\/logo\/image\/","url":"https:\/\/isdesportsconvention.com\/wp-content\/uploads\/2024\/04\/isotipo.png","contentUrl":"https:\/\/isdesportsconvention.com\/wp-content\/uploads\/2024\/04\/isotipo.png","width":533,"height":533,"caption":"ISDE Sports Convention"},"image":{"@id":"https:\/\/isdesportsconvention.com\/es\/#\/schema\/logo\/image\/"}}]}},"_links":{"self":[{"href":"https:\/\/isdesportsconvention.com\/es\/wp-json\/wp\/v2\/pages\/2789"}],"collection":[{"href":"https:\/\/isdesportsconvention.com\/es\/wp-json\/wp\/v2\/pages"}],"about":[{"href":"https:\/\/isdesportsconvention.com\/es\/wp-json\/wp\/v2\/types\/page"}],"author":[{"embeddable":true,"href":"https:\/\/isdesportsconvention.com\/es\/wp-json\/wp\/v2\/users\/1"}],"replies":[{"embeddable":true,"href":"https:\/\/isdesportsconvention.com\/es\/wp-json\/wp\/v2\/comments?post=2789"}],"version-history":[{"count":25,"href":"https:\/\/isdesportsconvention.com\/es\/wp-json\/wp\/v2\/pages\/2789\/revisions"}],"predecessor-version":[{"id":3769,"href":"https:\/\/isdesportsconvention.com\/es\/wp-json\/wp\/v2\/pages\/2789\/revisions\/3769"}],"wp:attachment":[{"href":"https:\/\/isdesportsconvention.com\/es\/wp-json\/wp\/v2\/media?parent=2789"}],"curies":[{"name":"wp","href":"https:\/\/api.w.org\/{rel}","templated":true}]}}