{"id":3636,"date":"2025-02-13T12:52:34","date_gmt":"2025-02-13T11:52:34","guid":{"rendered":"https:\/\/isdesportsconvention.com\/the-event\/"},"modified":"2025-05-08T09:56:20","modified_gmt":"2025-05-08T07:56:20","slug":"localizacion","status":"publish","type":"page","link":"https:\/\/isdesportsconvention.com\/es\/localizacion\/","title":{"rendered":"Localizaci\u00f3n"},"content":{"rendered":"<h1>Madrid epicentro mundial<br \/>de la gesti\u00f3n deportiva<\/h1>\n<h1>\n<h2 class=\"cvGsUA direction-ltr align-center para-style-body\" style=\"text-align: center;\"><span style=\"color: #333333;\">LOCALIZACI\u00d3N<br \/><\/span><\/h2>\n<p dir=\"auto\" style=\"text-align: center;\"><span style=\"color: #000000;\">Centro Cultural Municipal Galileo<\/span><br \/><span style=\"color: #000000;\">C. de Fernando el Cat\u00f3lico, 35, Chamber\u00ed, 28015<\/span><br \/><strong><span class=\"OYPEnA font-feature-liga-off font-feature-clig-off font-feature-calt-off text-decoration-none text-strikethrough-none\" style=\"color: #333333;\">MADRID<br \/><\/span><\/strong><\/p>\n<h4 class=\"cvGsUA direction-ltr align-center para-style-body\" style=\"text-align: center; font-size: 12px;margin-top: -10px;\"><span style=\"color: #333333;\"><a href=\"https:\/\/maps.app.goo.gl\/beZDuUgYetKiCMzF7\" target=\"_blank\" rel=\"noopener\"><span style=\"color: #333399;\">ver ubicaci\u00f3n &gt;<\/span><\/a> <br \/><\/span><\/h4>\n<\/h1>\n<div>\n<p style=\"text-align: left; font-size: 18px;\"><span style=\"color: #333333;\"><strong style=\"font-size: 25px;\">185<\/strong> &#8211; Destinos con vuelos directos<\/span><\/p>\n<p style=\"text-align: right; font-size: 18px;\"><span class=\"OYPEnA font-feature-liga-off font-feature-clig-off font-feature-calt-off text-decoration-none text-strikethrough-none\" style=\"color: #333333;\">Capital europea m\u00e1s segura &#8211; <strong style=\"font-size: 25px;\">2\u00aa<\/strong><\/span><\/p>\n<p style=\"text-align: left; font-size: 18px;\"><span class=\"OYPEnA font-feature-liga-off font-feature-clig-off font-feature-calt-off text-decoration-none text-strikethrough-none\" style=\"color: #333333;\"><strong style=\"font-size: 25px;\">+803<\/strong> &#8211; Establecimientos hoteleros<\/span><\/p>\n<p style=\"text-align: right; font-size: 18px;\"><span class=\"OYPEnA font-feature-liga-off font-feature-clig-off font-feature-calt-off text-decoration-none text-strikethrough-none\" style=\"color: #333333;\">Destino de turismo de <\/span><span class=\"OYPEnA font-feature-liga-off font-feature-clig-off font-feature-calt-off text-decoration-none text-strikethrough-none\" style=\"color: #333333;\">reuniones de Espa\u00f1a &#8211; <strong style=\"font-size: 25px;\">1\u00ba<\/strong><\/span><\/p>\n<\/div>\n<h1>+1500 asistentes<br \/>presencial y streaming<\/h1>\n<h1>\n<h3 style=\"text-align: right; font-size: 60px;\">PUBLICO<\/h3>\n<\/h1>\n<ul>\n<li>\n<div>\n<p class=\"isc-event-public-list-text\"><span style=\"color: #ffffff;\">STREAMING<\/span><\/p>\n<\/div>\n<\/li>\n<li>\n<div>\n<p class=\"isc-event-public-list-text\"><span style=\"color: #ffffff;\">PRESENCIAL<\/span><\/p>\n<\/div>\n<\/li>\n<\/ul>\n<p><!-- {\"type\":\"layout\",\"children\":[{\"type\":\"section\",\"props\":{\"style\":\"default\",\"width\":\"default\",\"vertical_align\":\"middle\",\"title_position\":\"top-left\",\"title_rotation\":\"left\",\"title_breakpoint\":\"xl\",\"image_position\":\"center-center\",\"text_color\":\"\",\"width_expand\":\"\",\"height\":\"\",\"padding\":\"xlarge\",\"header_transparent\":\"\",\"animation\":\"\",\"image\":\"wp-content\\\/uploads\\\/2025\\\/02\\\/DOSSIER-ISC-ENG-11.jpg\"},\"children\":[{\"type\":\"row\",\"props\":{\"layout\":\"1-1\",\"breakpoint\":\"m\",\"fixed_width\":\"large\",\"gutter\":\"\",\"width\":\"\",\"width_expand\":\"\",\"height\":\"\",\"margin\":\"\"},\"children\":[{\"type\":\"column\",\"props\":{\"widths\":[\"1-1\"],\"image_position\":\"center-center\",\"media_overlay_gradient\":\"\",\"vertical_align\":\"\",\"style\":\"\",\"text_color\":\"\",\"padding\":\"\"},\"children\":[{\"type\":\"headline\",\"props\":{\"title_element\":\"h1\",\"title_style\":\"\",\"title_decoration\":\"\",\"title_color\":\"\",\"text_align\":\"center\",\"text_align_breakpoint\":\"\",\"text_align_fallback\":\"\",\"maxwidth\":\"\",\"maxwidth_align\":\"\",\"maxwidth_breakpoint\":\"\",\"margin\":\"\",\"animation\":\"\",\"visibility\":\"\",\"content\":\"Madrid epicentro mundial<br \\\/>de la gesti\\u00f3n deportiva\"}}]}]}]},{\"type\":\"section\",\"props\":{\"style\":\"default\",\"width\":\"\",\"vertical_align\":\"middle\",\"title_position\":\"top-left\",\"title_rotation\":\"left\",\"title_breakpoint\":\"xl\",\"image_position\":\"center-center\",\"text_color\":\"\",\"width_expand\":\"\",\"height\":\"\",\"padding\":\"none\",\"header_transparent\":\"\",\"animation\":\"\",\"image\":\"\"},\"children\":[{\"type\":\"row\",\"props\":{\"layout\":\",\",\"breakpoint\":\"m\",\"fixed_width\":\"large\",\"gutter\":\"collapse\",\"width\":\"\",\"width_expand\":\"\",\"height\":\"\",\"margin\":\"remove-vertical\",\"match\":true},\"children\":[{\"type\":\"column\",\"props\":{\"widths\":[\"\"],\"image_position\":\"center-center\",\"media_overlay_gradient\":\"\",\"vertical_align\":\"\",\"style\":\"\",\"text_color\":\"\",\"padding\":\"none\",\"image\":\"wp-content\\\/uploads\\\/2025\\\/03\\\/DOSSIER-ISC-ENG-12-1.jpg\",\"image_size\":\"cover\",\"image_effect\":\"\",\"image_parallax_breakpoint\":\"\",\"image_visibility\":\"\",\"media_blend_mode\":\"\"},\"children\":[]},{\"type\":\"column\",\"props\":{\"widths\":[\"\"],\"image_position\":\"center-center\",\"media_overlay_gradient\":\"\",\"vertical_align\":\"\",\"style\":\"\",\"text_color\":\"\",\"padding\":\"\",\"image\":\"wp-content\\\/uploads\\\/2025\\\/03\\\/DOSSIER-ISC-ENG-12-2-1.jpg\",\"image_size\":\"cover\",\"image_effect\":\"\",\"image_parallax_breakpoint\":\"\",\"image_visibility\":\"\",\"media_blend_mode\":\"\"},\"children\":[{\"type\":\"headline\",\"props\":{\"title_element\":\"h1\",\"title_style\":\"\",\"title_decoration\":\"\",\"title_color\":\"\",\"text_align\":\"center\",\"text_align_breakpoint\":\"\",\"text_align_fallback\":\"\",\"maxwidth\":\"\",\"maxwidth_align\":\"\",\"maxwidth_breakpoint\":\"\",\"margin\":\"\",\"animation\":\"\",\"visibility\":\"\",\"content\":\"\n\n<h2 class=\\\"cvGsUA direction-ltr align-center para-style-body\\\" style=\\\"text-align: center;\\\"><span style=\\\"color: #333333;\\\">LOCALIZACI\\u00d3N<br \\\/><\\\/span><\\\/h2>\\n\n\n<p dir=\\\"auto\\\" style=\\\"text-align: center;\\\"><span style=\\\"color: #000000;\\\">Centro Cultural Municipal Galileo<\\\/span><br \\\/><span style=\\\"color: #000000;\\\">C. de Fernando el Cat\\u00f3lico, 35, Chamber\\u00ed, 28015<\\\/span><br \\\/><strong><span class=\\\"OYPEnA font-feature-liga-off font-feature-clig-off font-feature-calt-off text-decoration-none text-strikethrough-none\\\" style=\\\"color: #333333;\\\">MADRID<br \\\/><\\\/span><\\\/strong><\\\/p>\\n\n\n<h4 class=\\\"cvGsUA direction-ltr align-center para-style-body\\\" style=\\\"text-align: center; font-size: 12px;margin-top: -10px;\\\"><span style=\\\"color: #333333;\\\"><a href=\\\"https:\\\/\\\/maps.app.goo.gl\\\/beZDuUgYetKiCMzF7\\\" target=\\\"_blank\\\" rel=\\\"noopener\\\"><span style=\\\"color: #333399;\\\">ver ubicaci\\u00f3n &gt;<\\\/span><\\\/a> <br \\\/><\\\/span><\\\/h4>\"}},{\"type\":\"text\",\"props\":{\"margin\":\"medium\",\"column_breakpoint\":\"m\",\"text_style\":\"\",\"text_color\":\"\",\"text_size\":\"\",\"column\":\"\",\"text_align\":\"center\",\"text_align_breakpoint\":\"\",\"text_align_fallback\":\"\",\"maxwidth\":\"\",\"maxwidth_align\":\"\",\"maxwidth_breakpoint\":\"\",\"animation\":\"\",\"visibility\":\"\",\"content\":\"\n\n<p style=\\\"text-align: left; font-size: 18px;\\\"><span style=\\\"color: #333333;\\\"><strong style=\\\"font-size: 25px;\\\">185<\\\/strong> - Destinos con vuelos directos<\\\/span><\\\/p>\\n\n\n<p style=\\\"text-align: right; font-size: 18px;\\\"><span class=\\\"OYPEnA font-feature-liga-off font-feature-clig-off font-feature-calt-off text-decoration-none text-strikethrough-none\\\" style=\\\"color: #333333;\\\">Capital europea m\\u00e1s segura - <strong style=\\\"font-size: 25px;\\\">2\\u00aa<\\\/strong><\\\/span><\\\/p>\\n\n\n<p style=\\\"text-align: left; font-size: 18px;\\\"><span class=\\\"OYPEnA font-feature-liga-off font-feature-clig-off font-feature-calt-off text-decoration-none text-strikethrough-none\\\" style=\\\"color: #333333;\\\"><strong style=\\\"font-size: 25px;\\\">+803<\\\/strong> - Establecimientos hoteleros<\\\/span><\\\/p>\\n\n\n<p style=\\\"text-align: right; font-size: 18px;\\\"><span class=\\\"OYPEnA font-feature-liga-off font-feature-clig-off font-feature-calt-off text-decoration-none text-strikethrough-none\\\" style=\\\"color: #333333;\\\">Destino de turismo de <\\\/span><span class=\\\"OYPEnA font-feature-liga-off font-feature-clig-off font-feature-calt-off text-decoration-none text-strikethrough-none\\\" style=\\\"color: #333333;\\\">reuniones de Espa\\u00f1a - <strong style=\\\"font-size: 25px;\\\">1\\u00ba<\\\/strong><\\\/span><\\\/p>\"}}]}]}]},{\"type\":\"section\",\"props\":{\"style\":\"default\",\"width\":\"default\",\"vertical_align\":\"middle\",\"title_position\":\"top-left\",\"title_rotation\":\"left\",\"title_breakpoint\":\"xl\",\"image_position\":\"center-center\",\"text_color\":\"\",\"width_expand\":\"\",\"height\":\"\",\"padding\":\"xlarge\",\"header_transparent\":\"\",\"animation\":\"\",\"image\":\"wp-content\\\/uploads\\\/2025\\\/02\\\/DOSSIER-ISC-ENG-13.jpg\"},\"children\":[{\"type\":\"row\",\"props\":{\"layout\":\"1-1\",\"breakpoint\":\"m\",\"fixed_width\":\"large\",\"gutter\":\"\",\"width\":\"\",\"width_expand\":\"\",\"height\":\"\",\"margin\":\"\"},\"children\":[{\"type\":\"column\",\"props\":{\"widths\":[\"1-1\"],\"image_position\":\"center-center\",\"media_overlay_gradient\":\"\",\"vertical_align\":\"\",\"style\":\"\",\"text_color\":\"\",\"padding\":\"\"},\"children\":[{\"type\":\"headline\",\"props\":{\"title_element\":\"h1\",\"title_style\":\"\",\"title_decoration\":\"\",\"title_color\":\"\",\"text_align\":\"center\",\"text_align_breakpoint\":\"\",\"text_align_fallback\":\"\",\"maxwidth\":\"\",\"maxwidth_align\":\"\",\"maxwidth_breakpoint\":\"\",\"margin\":\"\",\"animation\":\"\",\"visibility\":\"\",\"content\":\"+1500 asistentes<br \\\/>presencial y streaming\"}}]}]}]},{\"type\":\"section\",\"props\":{\"style\":\"default\",\"width\":\"expand\",\"vertical_align\":\"middle\",\"title_position\":\"top-left\",\"title_rotation\":\"left\",\"title_breakpoint\":\"xl\",\"image_position\":\"center-center\",\"text_color\":\"\",\"width_expand\":\"\",\"height\":\"\",\"padding\":\"xlarge\",\"header_transparent\":\"\",\"animation\":\"\",\"image\":\"wp-content\\\/uploads\\\/2025\\\/02\\\/DOSSIER-ISC-ENG-14.jpg\",\"id\":\"\",\"css\":\"\",\"padding_remove_bottom\":true,\"image_size\":\"cover\",\"image_effect\":\"\",\"image_parallax_breakpoint\":\"\",\"image_visibility\":\"\",\"video_width\":\"\",\"video_height\":\"\",\"media_blend_mode\":\"\"},\"children\":[{\"type\":\"row\",\"props\":{\"layout\":\"1-1\",\"breakpoint\":\"m\",\"fixed_width\":\"large\",\"gutter\":\"\",\"width\":\"\",\"width_expand\":\"\",\"height\":\"\",\"margin\":\"\"},\"children\":[{\"type\":\"column\",\"props\":{\"widths\":[\"1-1\"],\"image_position\":\"center-center\",\"media_overlay_gradient\":\"\",\"vertical_align\":\"\",\"style\":\"\",\"text_color\":\"\",\"padding\":\"\"},\"children\":[{\"type\":\"headline\",\"props\":{\"title_element\":\"h1\",\"title_style\":\"\",\"title_decoration\":\"\",\"title_color\":\"\",\"text_align\":\"center\",\"text_align_breakpoint\":\"\",\"text_align_fallback\":\"\",\"maxwidth\":\"\",\"maxwidth_align\":\"\",\"maxwidth_breakpoint\":\"\",\"margin\":\"\",\"animation\":\"\",\"visibility\":\"\",\"content\":\"\n\n<h3 style=\\\"text-align: right; font-size: 60px;\\\">PUBLICO<\\\/h3>\",\"css\":\"\"}},{\"type\":\"list\",\"props\":{\"show_image\":true,\"show_link\":true,\"image_svg_color\":\"emphasis\",\"image_align\":\"right\",\"image_vertical_align\":false,\"list_style\":\"\",\"content_style\":\"\",\"image_border\":\"\",\"icon_color\":\"\",\"link_style\":\"\",\"text_align\":\"right\",\"text_align_breakpoint\":\"\",\"text_align_fallback\":\"\",\"maxwidth\":\"\",\"maxwidth_align\":\"\",\"maxwidth_breakpoint\":\"\",\"margin\":\"\",\"animation\":\"\",\"visibility\":\"\",\"icon\":\"rss\",\"image_width\":\"\",\"image_height\":\"\",\"icon_ratio\":\"4\",\"id\":\"\",\"css\":\".isc-event-public-list-text {\\n\\tfont-size: 60px;\\n}\"},\"children\":[{\"type\":\"list_item\",\"props\":{\"icon_color\":\"emphasis\",\"content\":\"\n\n<p class=\\\"isc-event-public-list-text\\\"><span style=\\\"color: #ffffff;\\\">STREAMING<\\\/span><\\\/p>\"}},{\"type\":\"list_item\",\"props\":{\"icon_color\":\"emphasis\",\"content\":\"\n\n<p class=\\\"isc-event-public-list-text\\\"><span style=\\\"color: #ffffff;\\\">PRESENCIAL<\\\/span><\\\/p>\",\"icon\":\"users\"}}]}]}]}]}],\"version\":\"1.18.16\",\"props\":[]} --><\/p>\n","protected":false},"excerpt":{"rendered":"<p>Madrid epicentro mundialde la gesti\u00f3n deportiva LOCALIZACI\u00d3N Centro Cultural Municipal GalileoC. de Fernando el Cat\u00f3lico, 35, Chamber\u00ed, 28015MADRID ver ubicaci\u00f3n &gt; 185 &#8211; Destinos con vuelos directos Capital europea m\u00e1s segura &#8211; 2\u00aa +803 &#8211; Establecimientos hoteleros Destino de turismo de reuniones de Espa\u00f1a &#8211; 1\u00ba +1500 asistentespresencial y streaming PUBLICO STREAMING PRESENCIAL<\/p>\n","protected":false},"author":1,"featured_media":0,"parent":0,"menu_order":0,"comment_status":"closed","ping_status":"closed","template":"","meta":{"footnotes":""},"yoast_head":"<!-- This site is optimized with the Yoast SEO plugin v22.6 - https:\/\/yoast.com\/wordpress\/plugins\/seo\/ -->\n<title>Localizaci\u00f3n - ISDE Sports Convention<\/title>\n<meta name=\"description\" content=\"ISDE SPORTS CONVENTION, el evento de referencia en el sector deportivo y jur\u00eddico a nivel mundial, celebra una nueva edici\u00f3n tras el \u00e9xito cosechado en las anteriores ediciones de Barcelona y Madrid.\" \/>\n<meta name=\"robots\" content=\"index, follow, max-snippet:-1, max-image-preview:large, max-video-preview:-1\" \/>\n<link rel=\"canonical\" href=\"https:\/\/isdesportsconvention.com\/es\/localizacion\/\" \/>\n<meta property=\"og:locale\" content=\"es_ES\" \/>\n<meta property=\"og:type\" content=\"article\" \/>\n<meta property=\"og:title\" content=\"Localizaci\u00f3n - ISDE Sports Convention\" \/>\n<meta property=\"og:description\" content=\"ISDE SPORTS CONVENTION, el evento de referencia en el sector deportivo y jur\u00eddico a nivel mundial, celebra una nueva edici\u00f3n tras el \u00e9xito cosechado en las anteriores ediciones de Barcelona y Madrid.\" \/>\n<meta property=\"og:url\" content=\"https:\/\/isdesportsconvention.com\/es\/localizacion\/\" \/>\n<meta property=\"og:site_name\" content=\"ISDE Sports Convention\" \/>\n<meta property=\"article:modified_time\" content=\"2025-05-08T07:56:20+00:00\" \/>\n<meta name=\"twitter:card\" content=\"summary_large_image\" \/>\n<meta name=\"twitter:label1\" content=\"Tiempo de lectura\" \/>\n\t<meta name=\"twitter:data1\" content=\"1 minuto\" \/>\n<script type=\"application\/ld+json\" class=\"yoast-schema-graph\">{\"@context\":\"https:\/\/schema.org\",\"@graph\":[{\"@type\":\"WebPage\",\"@id\":\"https:\/\/isdesportsconvention.com\/es\/localizacion\/\",\"url\":\"https:\/\/isdesportsconvention.com\/es\/localizacion\/\",\"name\":\"Localizaci\u00f3n - ISDE Sports Convention\",\"isPartOf\":{\"@id\":\"https:\/\/isdesportsconvention.com\/es\/#website\"},\"datePublished\":\"2025-02-13T11:52:34+00:00\",\"dateModified\":\"2025-05-08T07:56:20+00:00\",\"description\":\"ISDE SPORTS CONVENTION, el evento de referencia en el sector deportivo y jur\u00eddico a nivel mundial, celebra una nueva edici\u00f3n tras el \u00e9xito cosechado en las anteriores ediciones de Barcelona y Madrid.\",\"breadcrumb\":{\"@id\":\"https:\/\/isdesportsconvention.com\/es\/localizacion\/#breadcrumb\"},\"inLanguage\":\"es\",\"potentialAction\":[{\"@type\":\"ReadAction\",\"target\":[\"https:\/\/isdesportsconvention.com\/es\/localizacion\/\"]}]},{\"@type\":\"BreadcrumbList\",\"@id\":\"https:\/\/isdesportsconvention.com\/es\/localizacion\/#breadcrumb\",\"itemListElement\":[{\"@type\":\"ListItem\",\"position\":1,\"name\":\"Portada\",\"item\":\"https:\/\/isdesportsconvention.com\/es\/\"},{\"@type\":\"ListItem\",\"position\":2,\"name\":\"Localizaci\u00f3n\"}]},{\"@type\":\"WebSite\",\"@id\":\"https:\/\/isdesportsconvention.com\/es\/#website\",\"url\":\"https:\/\/isdesportsconvention.com\/es\/\",\"name\":\"ISDE Sports Convention\",\"description\":\"ISDE Sports Convention\",\"publisher\":{\"@id\":\"https:\/\/isdesportsconvention.com\/es\/#organization\"},\"potentialAction\":[{\"@type\":\"SearchAction\",\"target\":{\"@type\":\"EntryPoint\",\"urlTemplate\":\"https:\/\/isdesportsconvention.com\/es\/?s={search_term_string}\"},\"query-input\":\"required name=search_term_string\"}],\"inLanguage\":\"es\"},{\"@type\":\"Organization\",\"@id\":\"https:\/\/isdesportsconvention.com\/es\/#organization\",\"name\":\"ISDE Sports Convention\",\"url\":\"https:\/\/isdesportsconvention.com\/es\/\",\"logo\":{\"@type\":\"ImageObject\",\"inLanguage\":\"es\",\"@id\":\"https:\/\/isdesportsconvention.com\/es\/#\/schema\/logo\/image\/\",\"url\":\"https:\/\/isdesportsconvention.com\/wp-content\/uploads\/2024\/04\/isotipo.png\",\"contentUrl\":\"https:\/\/isdesportsconvention.com\/wp-content\/uploads\/2024\/04\/isotipo.png\",\"width\":533,\"height\":533,\"caption\":\"ISDE Sports Convention\"},\"image\":{\"@id\":\"https:\/\/isdesportsconvention.com\/es\/#\/schema\/logo\/image\/\"}}]}<\/script>\n<!-- \/ Yoast SEO plugin. -->","yoast_head_json":{"title":"Localizaci\u00f3n - ISDE Sports Convention","description":"ISDE SPORTS CONVENTION, el evento de referencia en el sector deportivo y jur\u00eddico a nivel mundial, celebra una nueva edici\u00f3n tras el \u00e9xito cosechado en las anteriores ediciones de Barcelona y Madrid.","robots":{"index":"index","follow":"follow","max-snippet":"max-snippet:-1","max-image-preview":"max-image-preview:large","max-video-preview":"max-video-preview:-1"},"canonical":"https:\/\/isdesportsconvention.com\/es\/localizacion\/","og_locale":"es_ES","og_type":"article","og_title":"Localizaci\u00f3n - ISDE Sports Convention","og_description":"ISDE SPORTS CONVENTION, el evento de referencia en el sector deportivo y jur\u00eddico a nivel mundial, celebra una nueva edici\u00f3n tras el \u00e9xito cosechado en las anteriores ediciones de Barcelona y Madrid.","og_url":"https:\/\/isdesportsconvention.com\/es\/localizacion\/","og_site_name":"ISDE Sports Convention","article_modified_time":"2025-05-08T07:56:20+00:00","twitter_card":"summary_large_image","twitter_misc":{"Tiempo de lectura":"1 minuto"},"schema":{"@context":"https:\/\/schema.org","@graph":[{"@type":"WebPage","@id":"https:\/\/isdesportsconvention.com\/es\/localizacion\/","url":"https:\/\/isdesportsconvention.com\/es\/localizacion\/","name":"Localizaci\u00f3n - ISDE Sports Convention","isPartOf":{"@id":"https:\/\/isdesportsconvention.com\/es\/#website"},"datePublished":"2025-02-13T11:52:34+00:00","dateModified":"2025-05-08T07:56:20+00:00","description":"ISDE SPORTS CONVENTION, el evento de referencia en el sector deportivo y jur\u00eddico a nivel mundial, celebra una nueva edici\u00f3n tras el \u00e9xito cosechado en las anteriores ediciones de Barcelona y Madrid.","breadcrumb":{"@id":"https:\/\/isdesportsconvention.com\/es\/localizacion\/#breadcrumb"},"inLanguage":"es","potentialAction":[{"@type":"ReadAction","target":["https:\/\/isdesportsconvention.com\/es\/localizacion\/"]}]},{"@type":"BreadcrumbList","@id":"https:\/\/isdesportsconvention.com\/es\/localizacion\/#breadcrumb","itemListElement":[{"@type":"ListItem","position":1,"name":"Portada","item":"https:\/\/isdesportsconvention.com\/es\/"},{"@type":"ListItem","position":2,"name":"Localizaci\u00f3n"}]},{"@type":"WebSite","@id":"https:\/\/isdesportsconvention.com\/es\/#website","url":"https:\/\/isdesportsconvention.com\/es\/","name":"ISDE Sports Convention","description":"ISDE Sports Convention","publisher":{"@id":"https:\/\/isdesportsconvention.com\/es\/#organization"},"potentialAction":[{"@type":"SearchAction","target":{"@type":"EntryPoint","urlTemplate":"https:\/\/isdesportsconvention.com\/es\/?s={search_term_string}"},"query-input":"required name=search_term_string"}],"inLanguage":"es"},{"@type":"Organization","@id":"https:\/\/isdesportsconvention.com\/es\/#organization","name":"ISDE Sports Convention","url":"https:\/\/isdesportsconvention.com\/es\/","logo":{"@type":"ImageObject","inLanguage":"es","@id":"https:\/\/isdesportsconvention.com\/es\/#\/schema\/logo\/image\/","url":"https:\/\/isdesportsconvention.com\/wp-content\/uploads\/2024\/04\/isotipo.png","contentUrl":"https:\/\/isdesportsconvention.com\/wp-content\/uploads\/2024\/04\/isotipo.png","width":533,"height":533,"caption":"ISDE Sports Convention"},"image":{"@id":"https:\/\/isdesportsconvention.com\/es\/#\/schema\/logo\/image\/"}}]}},"_links":{"self":[{"href":"https:\/\/isdesportsconvention.com\/es\/wp-json\/wp\/v2\/pages\/3636"}],"collection":[{"href":"https:\/\/isdesportsconvention.com\/es\/wp-json\/wp\/v2\/pages"}],"about":[{"href":"https:\/\/isdesportsconvention.com\/es\/wp-json\/wp\/v2\/types\/page"}],"author":[{"embeddable":true,"href":"https:\/\/isdesportsconvention.com\/es\/wp-json\/wp\/v2\/users\/1"}],"replies":[{"embeddable":true,"href":"https:\/\/isdesportsconvention.com\/es\/wp-json\/wp\/v2\/comments?post=3636"}],"version-history":[{"count":10,"href":"https:\/\/isdesportsconvention.com\/es\/wp-json\/wp\/v2\/pages\/3636\/revisions"}],"predecessor-version":[{"id":4091,"href":"https:\/\/isdesportsconvention.com\/es\/wp-json\/wp\/v2\/pages\/3636\/revisions\/4091"}],"wp:attachment":[{"href":"https:\/\/isdesportsconvention.com\/es\/wp-json\/wp\/v2\/media?parent=3636"}],"curies":[{"name":"wp","href":"https:\/\/api.w.org\/{rel}","templated":true}]}}