{"id":4125,"date":"2025-05-26T14:05:25","date_gmt":"2025-05-26T12:05:25","guid":{"rendered":"https:\/\/isdesportsconvention.com\/?page_id=4125"},"modified":"2025-05-28T09:16:21","modified_gmt":"2025-05-28T07:16:21","slug":"speakers-2025","status":"publish","type":"page","link":"https:\/\/isdesportsconvention.com\/es\/speakers-2025\/","title":{"rendered":"Speakers &#8211; 2025"},"content":{"rendered":"<h1>\n<p>PONENTES 2025<\/p>\n<\/h1>\n<div>\n<p class=\"p1\">LA CALIDAD Y PROFESIONALIDAD DE LOS PONENTES SER\u00c1 DE NUEVO LA MAYOR GARANT\u00cdA DE \u00c9XITO EN T\u00c9RMINOS DE CONOCIMIENTO, ACTUALIDAD Y PROFESIONALIDAD.<\/p>\n<\/div>\n<div>\n\n<div id=\"wk-grid105\" class=\"wk-grid-width-1-1 wk-grid-width-large-1-2 wk-grid wk-grid-match wk-text-left \" data-wk-grid-match=\"{target:'> div > .wk-panel', row:true}\" data-wk-grid-margin  data-wk-scrollspy=\"{cls:'wk-animation-scale-up wk-invisible', target:'> div > .wk-panel', delay:300}\">\n\n\n    <div>\n        <div class=\"wk-panel wk-invisible\">\n\n            \n            \n                        <div class=\"wk-text-center wk-panel-teaser\"><img loading=\"lazy\" decoding=\"async\" src=\"\/wp-content\/uploads\/2025\/05\/AgendaMesas2025_compressed-7.jpg\" class=\"wk-border-rounded\" alt=\"Mesa Inaugural\" width=\"1440\" height=\"810\"><\/div>\n            \n            \n            \n            \n            \n            \n            \n            \n            \n        <\/div>\n    <\/div>\n\n\n    <div>\n        <div class=\"wk-panel wk-invisible\">\n\n            \n            \n                        <div class=\"wk-text-center wk-panel-teaser\"><img loading=\"lazy\" decoding=\"async\" src=\"\/wp-content\/uploads\/2025\/05\/AgendaMesas2025_compressed-8.jpg\" class=\"wk-border-rounded\" alt=\"Mesa 1\" width=\"1440\" height=\"810\"><\/div>\n            \n            \n            \n            \n            \n            \n            \n            \n            \n        <\/div>\n    <\/div>\n\n\n    <div>\n        <div class=\"wk-panel wk-invisible\">\n\n            \n            \n                        <div class=\"wk-text-center wk-panel-teaser\"><img loading=\"lazy\" decoding=\"async\" src=\"\/wp-content\/uploads\/2025\/05\/AgendaMesas2025_compressed-9.jpg\" class=\"wk-border-rounded\" alt=\"Mesa 2\" width=\"1440\" height=\"810\"><\/div>\n            \n            \n            \n            \n            \n            \n            \n            \n            \n        <\/div>\n    <\/div>\n\n\n    <div>\n        <div class=\"wk-panel wk-invisible\">\n\n            \n            \n                        <div class=\"wk-text-center wk-panel-teaser\"><img loading=\"lazy\" decoding=\"async\" src=\"\/wp-content\/uploads\/2025\/05\/AgendaMesas2025_compressed-10.jpg\" class=\"wk-border-rounded\" alt=\"Mesa 3\" width=\"1440\" height=\"810\"><\/div>\n            \n            \n            \n            \n            \n            \n            \n            \n            \n        <\/div>\n    <\/div>\n\n\n    <div>\n        <div class=\"wk-panel wk-invisible\">\n\n            \n            \n                        <div class=\"wk-text-center wk-panel-teaser\"><img loading=\"lazy\" decoding=\"async\" src=\"\/wp-content\/uploads\/2025\/05\/AgendaMesas2025_compressed-11.jpg\" class=\"wk-border-rounded\" alt=\"Mesa 4\" width=\"1440\" height=\"810\"><\/div>\n            \n            \n            \n            \n            \n            \n            \n            \n            \n        <\/div>\n    <\/div>\n\n\n    <div>\n        <div class=\"wk-panel wk-invisible\">\n\n            \n            \n                        <div class=\"wk-text-center wk-panel-teaser\"><img loading=\"lazy\" decoding=\"async\" src=\"\/wp-content\/uploads\/2025\/05\/AgendaMesas2025_compressed-12.jpg\" class=\"wk-border-rounded\" alt=\"Mesa 5\" width=\"1440\" height=\"810\"><\/div>\n            \n            \n            \n            \n            \n            \n            \n            \n            \n        <\/div>\n    <\/div>\n\n\n    <div>\n        <div class=\"wk-panel wk-invisible\">\n\n            \n            \n                        <div class=\"wk-text-center wk-panel-teaser\"><img loading=\"lazy\" decoding=\"async\" src=\"\/wp-content\/uploads\/2025\/05\/AgendaMesas2025_compressed-13.jpg\" class=\"wk-border-rounded\" alt=\"Mesa 6\" width=\"1440\" height=\"810\"><\/div>\n            \n            \n            \n            \n            \n            \n            \n            \n            \n        <\/div>\n    <\/div>\n\n\n<\/div>\n\n<script>\n(function($){\n\n    \/\/ get the images of the gallery and replace it by a canvas of the same size to fix the problem with overlapping images on load.\n    $('img[width][height]:not(.wk-overlay-panel)', $('#wk-grid105')).each(function() {\n\n        var $img = $(this);\n\n        if (this.width == 'auto' || this.height == 'auto' || !$img.is(':visible')) {\n            return;\n        }\n\n        var $canvas = $('<canvas class=\"wk-responsive-width\"><\/canvas>').attr({width:$img.attr('width'), height:$img.attr('height')}),\n            img = new Image,\n            release = function() {\n                $canvas.remove();\n                $img.css('display', '');\n                release = function(){};\n            };\n\n        $img.css('display', 'none').after($canvas);\n\n        $(img).on('load', function(){ release(); });\n        setTimeout(function(){ release(); }, 1000);\n\n        img.src = this.src;\n\n    });\n\n})(jQuery);\n<\/script>\n<\/div>\n<hr>\n<p><!-- {\"type\":\"layout\",\"children\":[{\"type\":\"section\",\"props\":{\"style\":\"default\",\"width\":\"default\",\"vertical_align\":\"middle\",\"title_position\":\"top-left\",\"title_rotation\":\"left\",\"title_breakpoint\":\"xl\",\"image_position\":\"center-center\",\"text_color\":\"\",\"width_expand\":\"\",\"height\":\"\",\"padding\":\"\",\"header_transparent\":\"\",\"animation\":\"\",\"padding_remove_bottom\":true},\"children\":[{\"type\":\"row\",\"props\":{\"layout\":\",\",\"breakpoint\":\"m\",\"fixed_width\":\"large\",\"gutter\":\"\",\"width\":\"\",\"width_expand\":\"\",\"height\":\"\",\"margin\":\"\"},\"children\":[{\"type\":\"column\",\"props\":{\"widths\":[\"\"],\"image_position\":\"center-center\",\"media_overlay_gradient\":\"\",\"vertical_align\":\"\",\"style\":\"\",\"text_color\":\"\",\"padding\":\"\"},\"children\":[{\"type\":\"headline\",\"props\":{\"title_element\":\"h1\",\"title_style\":\"heading-hero\",\"title_decoration\":\"\",\"title_color\":\"\",\"text_align\":\"\",\"text_align_breakpoint\":\"\",\"text_align_fallback\":\"\",\"maxwidth\":\"\",\"maxwidth_align\":\"\",\"maxwidth_breakpoint\":\"\",\"margin\":\"\",\"animation\":\"\",\"visibility\":\"\",\"content\":\"\n\n<p>PONENTES 2025<\\\/p>\",\"margin_remove_bottom\":true}}]},{\"type\":\"column\",\"props\":{\"widths\":[\"\"],\"image_position\":\"center-center\",\"media_overlay_gradient\":\"\",\"vertical_align\":\"\",\"style\":\"\",\"text_color\":\"\",\"padding\":\"\"},\"children\":[{\"type\":\"text\",\"props\":{\"margin\":\"default\",\"column_breakpoint\":\"m\",\"text_style\":\"lead\",\"text_color\":\"\",\"text_size\":\"\",\"column\":\"\",\"text_align\":\"\",\"text_align_breakpoint\":\"\",\"text_align_fallback\":\"\",\"maxwidth\":\"\",\"maxwidth_align\":\"\",\"maxwidth_breakpoint\":\"\",\"animation\":\"\",\"visibility\":\"\",\"content\":\"\n\n<p class=\\\"p1\\\">LA CALIDAD Y PROFESIONALIDAD DE LOS PONENTES SER\\u00c1 DE NUEVO LA MAYOR GARANT\\u00cdA DE \\u00c9XITO EN T\\u00c9RMINOS DE CONOCIMIENTO, ACTUALIDAD Y PROFESIONALIDAD.<\\\/p>\"}}]}]}],\"name\":\"Speakers 2024 intro\"},{\"type\":\"section\",\"props\":{\"style\":\"default\",\"width\":\"expand\",\"vertical_align\":\"middle\",\"title_position\":\"top-left\",\"title_rotation\":\"left\",\"title_breakpoint\":\"xl\",\"image_position\":\"center-center\",\"text_color\":\"\",\"width_expand\":\"\",\"height\":\"\",\"padding\":\"small\",\"header_transparent\":\"\",\"animation\":\"\"},\"children\":[{\"type\":\"row\",\"props\":{\"layout\":\"1-1\",\"breakpoint\":\"m\",\"fixed_width\":\"large\",\"gutter\":\"\",\"width\":\"\",\"width_expand\":\"\",\"height\":\"\",\"margin\":\"\"},\"children\":[{\"type\":\"column\",\"props\":{\"widths\":[\"1-1\"],\"image_position\":\"center-center\",\"media_overlay_gradient\":\"\",\"vertical_align\":\"\",\"style\":\"\",\"text_color\":\"\",\"padding\":\"\"},\"children\":[{\"type\":\"text\",\"props\":{\"margin\":\"default\",\"column_breakpoint\":\"m\",\"text_style\":\"\",\"text_color\":\"\",\"text_size\":\"\",\"column\":\"\",\"text_align\":\"\",\"text_align_breakpoint\":\"\",\"text_align_fallback\":\"\",\"maxwidth\":\"\",\"maxwidth_align\":\"\",\"maxwidth_breakpoint\":\"\",\"animation\":\"\",\"visibility\":\"\",\"content\":\"[widgetkit id=\\\"21\\\"]\"}}]}]}]},{\"type\":\"section\",\"props\":{\"style\":\"default\",\"width\":\"expand\",\"vertical_align\":\"middle\",\"title_position\":\"top-left\",\"title_rotation\":\"left\",\"title_breakpoint\":\"xl\",\"image_position\":\"center-center\",\"text_color\":\"\",\"width_expand\":\"\",\"height\":\"\",\"padding\":\"\",\"header_transparent\":\"\",\"animation\":\"\"},\"children\":[{\"type\":\"row\",\"props\":{\"layout\":\"1-1\",\"breakpoint\":\"m\",\"fixed_width\":\"large\",\"gutter\":\"\",\"width\":\"expand\",\"width_expand\":\"\",\"height\":\"\",\"margin\":\"\"},\"children\":[{\"type\":\"column\",\"props\":{\"widths\":[\"1-1\"],\"image_position\":\"center-center\",\"media_overlay_gradient\":\"\",\"vertical_align\":\"\",\"style\":\"\",\"text_color\":\"\",\"padding\":\"\"},\"children\":[{\"type\":\"divider\",\"props\":{\"divider_element\":\"hr\",\"divider_style\":\"\",\"divider_align\":\"\",\"divider_align_breakpoint\":\"\",\"divider_align_fallback\":\"\",\"maxwidth\":\"\",\"maxwidth_align\":\"\",\"maxwidth_breakpoint\":\"\",\"margin\":\"\",\"animation\":\"\",\"visibility\":\"\"}}]}]}]}],\"version\":\"1.18.16\",\"props\":[]} --><\/p>\n","protected":false},"excerpt":{"rendered":"<p>PONENTES 2025 LA CALIDAD Y PROFESIONALIDAD DE LOS PONENTES SER\u00c1 DE NUEVO LA MAYOR GARANT\u00cdA DE \u00c9XITO EN T\u00c9RMINOS DE CONOCIMIENTO, ACTUALIDAD Y PROFESIONALIDAD.<\/p>\n","protected":false},"author":1,"featured_media":0,"parent":0,"menu_order":0,"comment_status":"closed","ping_status":"closed","template":"","meta":{"footnotes":""},"yoast_head":"<!-- This site is optimized with the Yoast SEO plugin v22.6 - https:\/\/yoast.com\/wordpress\/plugins\/seo\/ -->\n<title>Speakers - 2025 - ISDE Sports Convention<\/title>\n<meta name=\"robots\" content=\"index, follow, max-snippet:-1, max-image-preview:large, max-video-preview:-1\" \/>\n<link rel=\"canonical\" href=\"https:\/\/isdesportsconvention.com\/es\/speakers-2025\/\" \/>\n<meta property=\"og:locale\" content=\"es_ES\" \/>\n<meta property=\"og:type\" content=\"article\" \/>\n<meta property=\"og:title\" content=\"Speakers - 2025 - ISDE Sports Convention\" \/>\n<meta property=\"og:description\" content=\"PONENTES 2025 LA CALIDAD Y PROFESIONALIDAD DE LOS PONENTES SER\u00c1 DE NUEVO LA MAYOR GARANT\u00cdA DE \u00c9XITO EN T\u00c9RMINOS DE CONOCIMIENTO, ACTUALIDAD Y PROFESIONALIDAD.\" \/>\n<meta property=\"og:url\" content=\"https:\/\/isdesportsconvention.com\/es\/speakers-2025\/\" \/>\n<meta property=\"og:site_name\" content=\"ISDE Sports Convention\" \/>\n<meta property=\"article:modified_time\" content=\"2025-05-28T07:16:21+00:00\" \/>\n<meta name=\"twitter:card\" content=\"summary_large_image\" \/>\n<meta name=\"twitter:label1\" content=\"Tiempo de lectura\" \/>\n\t<meta name=\"twitter:data1\" content=\"1 minuto\" \/>\n<script type=\"application\/ld+json\" class=\"yoast-schema-graph\">{\"@context\":\"https:\/\/schema.org\",\"@graph\":[{\"@type\":\"WebPage\",\"@id\":\"https:\/\/isdesportsconvention.com\/es\/speakers-2025\/\",\"url\":\"https:\/\/isdesportsconvention.com\/es\/speakers-2025\/\",\"name\":\"Speakers - 2025 - ISDE Sports Convention\",\"isPartOf\":{\"@id\":\"https:\/\/isdesportsconvention.com\/es\/#website\"},\"datePublished\":\"2025-05-26T12:05:25+00:00\",\"dateModified\":\"2025-05-28T07:16:21+00:00\",\"breadcrumb\":{\"@id\":\"https:\/\/isdesportsconvention.com\/es\/speakers-2025\/#breadcrumb\"},\"inLanguage\":\"es\",\"potentialAction\":[{\"@type\":\"ReadAction\",\"target\":[\"https:\/\/isdesportsconvention.com\/es\/speakers-2025\/\"]}]},{\"@type\":\"BreadcrumbList\",\"@id\":\"https:\/\/isdesportsconvention.com\/es\/speakers-2025\/#breadcrumb\",\"itemListElement\":[{\"@type\":\"ListItem\",\"position\":1,\"name\":\"Portada\",\"item\":\"https:\/\/isdesportsconvention.com\/es\/\"},{\"@type\":\"ListItem\",\"position\":2,\"name\":\"Speakers &#8211; 2025\"}]},{\"@type\":\"WebSite\",\"@id\":\"https:\/\/isdesportsconvention.com\/es\/#website\",\"url\":\"https:\/\/isdesportsconvention.com\/es\/\",\"name\":\"ISDE Sports Convention\",\"description\":\"ISDE Sports Convention\",\"publisher\":{\"@id\":\"https:\/\/isdesportsconvention.com\/es\/#organization\"},\"potentialAction\":[{\"@type\":\"SearchAction\",\"target\":{\"@type\":\"EntryPoint\",\"urlTemplate\":\"https:\/\/isdesportsconvention.com\/es\/?s={search_term_string}\"},\"query-input\":\"required name=search_term_string\"}],\"inLanguage\":\"es\"},{\"@type\":\"Organization\",\"@id\":\"https:\/\/isdesportsconvention.com\/es\/#organization\",\"name\":\"ISDE Sports Convention\",\"url\":\"https:\/\/isdesportsconvention.com\/es\/\",\"logo\":{\"@type\":\"ImageObject\",\"inLanguage\":\"es\",\"@id\":\"https:\/\/isdesportsconvention.com\/es\/#\/schema\/logo\/image\/\",\"url\":\"https:\/\/isdesportsconvention.com\/wp-content\/uploads\/2024\/04\/isotipo.png\",\"contentUrl\":\"https:\/\/isdesportsconvention.com\/wp-content\/uploads\/2024\/04\/isotipo.png\",\"width\":533,\"height\":533,\"caption\":\"ISDE Sports Convention\"},\"image\":{\"@id\":\"https:\/\/isdesportsconvention.com\/es\/#\/schema\/logo\/image\/\"}}]}<\/script>\n<!-- \/ Yoast SEO plugin. -->","yoast_head_json":{"title":"Speakers - 2025 - ISDE Sports Convention","robots":{"index":"index","follow":"follow","max-snippet":"max-snippet:-1","max-image-preview":"max-image-preview:large","max-video-preview":"max-video-preview:-1"},"canonical":"https:\/\/isdesportsconvention.com\/es\/speakers-2025\/","og_locale":"es_ES","og_type":"article","og_title":"Speakers - 2025 - ISDE Sports Convention","og_description":"PONENTES 2025 LA CALIDAD Y PROFESIONALIDAD DE LOS PONENTES SER\u00c1 DE NUEVO LA MAYOR GARANT\u00cdA DE \u00c9XITO EN T\u00c9RMINOS DE CONOCIMIENTO, ACTUALIDAD Y PROFESIONALIDAD.","og_url":"https:\/\/isdesportsconvention.com\/es\/speakers-2025\/","og_site_name":"ISDE Sports Convention","article_modified_time":"2025-05-28T07:16:21+00:00","twitter_card":"summary_large_image","twitter_misc":{"Tiempo de lectura":"1 minuto"},"schema":{"@context":"https:\/\/schema.org","@graph":[{"@type":"WebPage","@id":"https:\/\/isdesportsconvention.com\/es\/speakers-2025\/","url":"https:\/\/isdesportsconvention.com\/es\/speakers-2025\/","name":"Speakers - 2025 - ISDE Sports Convention","isPartOf":{"@id":"https:\/\/isdesportsconvention.com\/es\/#website"},"datePublished":"2025-05-26T12:05:25+00:00","dateModified":"2025-05-28T07:16:21+00:00","breadcrumb":{"@id":"https:\/\/isdesportsconvention.com\/es\/speakers-2025\/#breadcrumb"},"inLanguage":"es","potentialAction":[{"@type":"ReadAction","target":["https:\/\/isdesportsconvention.com\/es\/speakers-2025\/"]}]},{"@type":"BreadcrumbList","@id":"https:\/\/isdesportsconvention.com\/es\/speakers-2025\/#breadcrumb","itemListElement":[{"@type":"ListItem","position":1,"name":"Portada","item":"https:\/\/isdesportsconvention.com\/es\/"},{"@type":"ListItem","position":2,"name":"Speakers &#8211; 2025"}]},{"@type":"WebSite","@id":"https:\/\/isdesportsconvention.com\/es\/#website","url":"https:\/\/isdesportsconvention.com\/es\/","name":"ISDE Sports Convention","description":"ISDE Sports Convention","publisher":{"@id":"https:\/\/isdesportsconvention.com\/es\/#organization"},"potentialAction":[{"@type":"SearchAction","target":{"@type":"EntryPoint","urlTemplate":"https:\/\/isdesportsconvention.com\/es\/?s={search_term_string}"},"query-input":"required name=search_term_string"}],"inLanguage":"es"},{"@type":"Organization","@id":"https:\/\/isdesportsconvention.com\/es\/#organization","name":"ISDE Sports Convention","url":"https:\/\/isdesportsconvention.com\/es\/","logo":{"@type":"ImageObject","inLanguage":"es","@id":"https:\/\/isdesportsconvention.com\/es\/#\/schema\/logo\/image\/","url":"https:\/\/isdesportsconvention.com\/wp-content\/uploads\/2024\/04\/isotipo.png","contentUrl":"https:\/\/isdesportsconvention.com\/wp-content\/uploads\/2024\/04\/isotipo.png","width":533,"height":533,"caption":"ISDE Sports Convention"},"image":{"@id":"https:\/\/isdesportsconvention.com\/es\/#\/schema\/logo\/image\/"}}]}},"_links":{"self":[{"href":"https:\/\/isdesportsconvention.com\/es\/wp-json\/wp\/v2\/pages\/4125"}],"collection":[{"href":"https:\/\/isdesportsconvention.com\/es\/wp-json\/wp\/v2\/pages"}],"about":[{"href":"https:\/\/isdesportsconvention.com\/es\/wp-json\/wp\/v2\/types\/page"}],"author":[{"embeddable":true,"href":"https:\/\/isdesportsconvention.com\/es\/wp-json\/wp\/v2\/users\/1"}],"replies":[{"embeddable":true,"href":"https:\/\/isdesportsconvention.com\/es\/wp-json\/wp\/v2\/comments?post=4125"}],"version-history":[{"count":8,"href":"https:\/\/isdesportsconvention.com\/es\/wp-json\/wp\/v2\/pages\/4125\/revisions"}],"predecessor-version":[{"id":4227,"href":"https:\/\/isdesportsconvention.com\/es\/wp-json\/wp\/v2\/pages\/4125\/revisions\/4227"}],"wp:attachment":[{"href":"https:\/\/isdesportsconvention.com\/es\/wp-json\/wp\/v2\/media?parent=4125"}],"curies":[{"name":"wp","href":"https:\/\/api.w.org\/{rel}","templated":true}]}}