{"id":4315,"date":"2026-03-02T12:02:59","date_gmt":"2026-03-02T11:02:59","guid":{"rendered":"https:\/\/isdesportsconvention.com\/?page_id=4315"},"modified":"2026-03-02T12:25:53","modified_gmt":"2026-03-02T11:25:53","slug":"tematica-2026","status":"publish","type":"page","link":"https:\/\/isdesportsconvention.com\/es\/tematica-2026\/","title":{"rendered":"Edici\u00f3n 2026"},"content":{"rendered":"<h1>EDICI\u00d3N 2026<\/h1>\n<div>\n<h5 style=\"text-align: center;\"><span style=\"text-decoration: underline;\">MESA INAUGURAL<\/span><\/h5>\n<p style=\"text-align: center;\">Discurso de apertura<\/p>\n<\/div>\n<ul>\n<li>\n<div>\n<h5 style=\"text-align: center;\"><span style=\"text-decoration: underline;\">MESA 1:<\/span><\/h5>\n<p class=\"p1\" style=\"text-align: center;\">Leading Case del TAS 2026<\/p>\n<\/div>\n<\/li>\n<li>\n<div>\n<h5 style=\"text-align: center;\"><span style=\"text-decoration: underline;\">MESA 2<\/span><\/h5>\n<p class=\"p1\" style=\"text-align: center;\">Nuevos formatos de competici\u00f3n: retos regulatorios, econ\u00f3micos y estructurales<\/p>\n<\/div>\n<\/li>\n<\/ul>\n<ul>\n<li>\n<div>\n<h5 style=\"text-align: center;\"><span style=\"text-decoration: underline;\">MESA 3<\/span><\/h5>\n<p class=\"p2\" style=\"text-align: center;\">Madrid Arena<\/p>\n<\/div>\n<\/li>\n<li>\n<div>\n<h5 style=\"text-align: center;\"><span style=\"text-decoration: underline;\">MESA 4<\/span><\/h5>\n<p class=\"p2\" style=\"text-align: center;\">Tecnolog\u00eda, pirater\u00eda e IA en el deporte <span class=\"s1\">(LaLiga)<\/span><\/p>\n<\/div>\n<\/li>\n<\/ul>\n<div>\n<p>        <img decoding=\"async\" src=\"wp-content\/uploads\/2026\/03\/ISC-2026-mesa1.webp\" alt=\"\"><\/p>\n<\/div>\n<div>\n<p>        <img decoding=\"async\" src=\"wp-content\/uploads\/2026\/03\/ISC-2026-mesa2.webp\" alt=\"\"><\/p>\n<\/div>\n<div>\n<p>        <img decoding=\"async\" src=\"wp-content\/uploads\/2026\/03\/ISC-2026-mesa3.webp\" alt=\"\"><\/p>\n<\/div>\n<div>\n<p>        <img decoding=\"async\" src=\"wp-content\/uploads\/2026\/03\/ISC-2026-mesa4.webp\" alt=\"\"><\/p>\n<\/div>\n<p><!-- {\"name\":\"Tematica 2026\",\"type\":\"layout\",\"children\":[{\"type\":\"section\",\"props\":{\"style\":\"default\",\"width\":\"expand\",\"vertical_align\":\"middle\",\"title_position\":\"top-left\",\"title_rotation\":\"left\",\"title_breakpoint\":\"xl\",\"image_position\":\"center-center\",\"text_color\":\"\",\"width_expand\":\"\",\"height\":\"\",\"padding\":\"large\",\"header_transparent\":\"\",\"animation\":\"\",\"image\":\"wp-content\\\/uploads\\\/2025\\\/02\\\/DOSSIER-ISC-ENG-25.jpg\",\"image_size\":\"cover\",\"image_effect\":\"\",\"image_parallax_breakpoint\":\"\",\"image_visibility\":\"\",\"video_width\":\"\",\"video_height\":\"\",\"media_blend_mode\":\"\"},\"children\":[{\"type\":\"row\",\"props\":{\"layout\":\"1-1\",\"breakpoint\":\"m\",\"fixed_width\":\"large\",\"gutter\":\"\",\"width\":\"\",\"width_expand\":\"\",\"height\":\"\",\"margin\":\"\"},\"children\":[{\"type\":\"column\",\"props\":{\"widths\":[\"1-1\"],\"image_position\":\"center-center\",\"media_overlay_gradient\":\"\",\"vertical_align\":\"\",\"style\":\"\",\"text_color\":\"\",\"padding\":\"\"},\"children\":[{\"type\":\"headline\",\"props\":{\"title_element\":\"h1\",\"title_style\":\"\",\"title_decoration\":\"\",\"title_color\":\"\",\"text_align\":\"center\",\"text_align_breakpoint\":\"\",\"text_align_fallback\":\"\",\"maxwidth\":\"\",\"maxwidth_align\":\"\",\"maxwidth_breakpoint\":\"\",\"margin\":\"\",\"animation\":\"\",\"visibility\":\"\",\"content\":\"EDICI\\u00d3N 2026\"}}]}]},{\"type\":\"row\",\"props\":{\"layout\":\"1-1\",\"breakpoint\":\"m\",\"fixed_width\":\"large\",\"gutter\":\"\",\"width\":\"\",\"width_expand\":\"\",\"height\":\"\",\"margin\":\"\"},\"children\":[{\"type\":\"column\",\"props\":{\"widths\":[\"1-1\"],\"image_position\":\"center-center\",\"media_overlay_gradient\":\"\",\"vertical_align\":\"\",\"style\":\"\",\"text_color\":\"\",\"padding\":\"\"},\"children\":[{\"type\":\"text\",\"props\":{\"margin\":\"default\",\"column_breakpoint\":\"m\",\"text_style\":\"\",\"text_color\":\"\",\"text_size\":\"\",\"column\":\"\",\"text_align\":\"\",\"text_align_breakpoint\":\"\",\"text_align_fallback\":\"\",\"maxwidth\":\"\",\"maxwidth_align\":\"\",\"maxwidth_breakpoint\":\"\",\"animation\":\"\",\"visibility\":\"\",\"content\":\"\n\n<h5 style=\\\"text-align: center;\\\"><span style=\\\"text-decoration: underline;\\\">MESA INAUGURAL<\\\/span><\\\/h5>\\n\n\n<p style=\\\"text-align: center;\\\">Discurso de apertura<\\\/p>\"}}]}]},{\"type\":\"row\",\"props\":{\"layout\":\",\",\"breakpoint\":\"s\",\"fixed_width\":\"large\",\"gutter\":\"\",\"width\":\"expand\",\"width_expand\":\"\",\"height\":\"\",\"margin\":\"\",\"divider\":true},\"children\":[{\"type\":\"column\",\"props\":{\"widths\":[\"\"],\"image_position\":\"center-center\",\"media_overlay_gradient\":\"\",\"vertical_align\":\"\",\"style\":\"\",\"text_color\":\"\",\"padding\":\"\"},\"children\":[{\"type\":\"list\",\"props\":{\"show_image\":true,\"show_link\":true,\"image_svg_color\":\"emphasis\",\"image_align\":\"left\",\"image_vertical_align\":true,\"list_style\":\"\",\"content_style\":\"\",\"image_border\":\"\",\"icon_color\":\"\",\"link_style\":\"\",\"text_align\":\"\",\"text_align_breakpoint\":\"\",\"text_align_fallback\":\"\",\"maxwidth\":\"\",\"maxwidth_align\":\"\",\"maxwidth_breakpoint\":\"\",\"margin\":\"\",\"animation\":\"\",\"visibility\":\"\",\"list_size\":true},\"children\":[{\"type\":\"list_item\",\"props\":{\"icon_color\":\"\",\"content\":\"\n\n<h5 style=\\\"text-align: center;\\\"><span style=\\\"text-decoration: underline;\\\">MESA 1:<\\\/span><\\\/h5>\\n\n\n<p class=\\\"p1\\\" style=\\\"text-align: center;\\\">Leading Case del TAS 2026<\\\/p>\"}},{\"type\":\"list_item\",\"props\":{\"icon_color\":\"\",\"content\":\"\n\n<h5 style=\\\"text-align: center;\\\"><span style=\\\"text-decoration: underline;\\\">MESA 2<\\\/span><\\\/h5>\\n\n\n<p class=\\\"p1\\\" style=\\\"text-align: center;\\\">Nuevos formatos de competici\\u00f3n: retos regulatorios, econ\\u00f3micos y estructurales<\\\/p>\"}}]}]},{\"type\":\"column\",\"props\":{\"widths\":[\"\"],\"image_position\":\"center-center\",\"media_overlay_gradient\":\"\",\"vertical_align\":\"\",\"style\":\"\",\"text_color\":\"\",\"padding\":\"\"},\"children\":[{\"type\":\"list\",\"props\":{\"show_image\":true,\"show_link\":true,\"image_svg_color\":\"emphasis\",\"image_align\":\"left\",\"image_vertical_align\":true,\"list_style\":\"\",\"content_style\":\"\",\"image_border\":\"\",\"icon_color\":\"\",\"link_style\":\"\",\"text_align\":\"\",\"text_align_breakpoint\":\"\",\"text_align_fallback\":\"\",\"maxwidth\":\"\",\"maxwidth_align\":\"\",\"maxwidth_breakpoint\":\"\",\"margin\":\"\",\"animation\":\"\",\"visibility\":\"\",\"list_size\":true},\"children\":[{\"type\":\"list_item\",\"props\":{\"icon_color\":\"\",\"content\":\"\n\n<h5 style=\\\"text-align: center;\\\"><span style=\\\"text-decoration: underline;\\\">MESA 3<\\\/span><\\\/h5>\\n\n\n<p class=\\\"p2\\\" style=\\\"text-align: center;\\\">Madrid Arena<\\\/p>\"}},{\"type\":\"list_item\",\"props\":{\"icon_color\":\"\",\"content\":\"\n\n<h5 style=\\\"text-align: center;\\\"><span style=\\\"text-decoration: underline;\\\">MESA 4<\\\/span><\\\/h5>\\n\n\n<p class=\\\"p2\\\" style=\\\"text-align: center;\\\">Tecnolog\\u00eda, pirater\\u00eda e IA en el deporte <span class=\\\"s1\\\">(LaLiga)<\\\/span><\\\/p>\"}}]}]}]},{\"type\":\"row\",\"props\":{\"layout\":\"1-1\",\"breakpoint\":\"m\",\"fixed_width\":\"large\",\"gutter\":\"\",\"width\":\"\",\"width_expand\":\"\",\"height\":\"\",\"margin\":\"\"},\"children\":[{\"type\":\"column\",\"props\":{\"widths\":[\"1-1\"],\"image_position\":\"center-center\",\"media_overlay_gradient\":\"\",\"vertical_align\":\"\",\"style\":\"\",\"text_color\":\"\",\"padding\":\"\"},\"children\":[]}]}]},{\"type\":\"section\",\"props\":{\"style\":\"default\",\"width\":\"\",\"vertical_align\":\"middle\",\"title_position\":\"top-left\",\"title_rotation\":\"left\",\"title_breakpoint\":\"xl\",\"image_position\":\"center-center\",\"text_color\":\"\",\"width_expand\":\"\",\"height\":\"\",\"padding\":\"none\",\"header_transparent\":\"\",\"animation\":\"\"},\"children\":[{\"type\":\"row\",\"props\":{\"layout\":\",\",\"breakpoint\":\"m\",\"fixed_width\":\"large\",\"gutter\":\"collapse\",\"width\":\"\",\"width_expand\":\"\",\"height\":\"\",\"margin\":\"\"},\"children\":[{\"type\":\"column\",\"props\":{\"widths\":[\"\"],\"image_position\":\"center-center\",\"media_overlay_gradient\":\"\",\"vertical_align\":\"\",\"style\":\"\",\"text_color\":\"\",\"padding\":\"\"},\"children\":[{\"type\":\"overlay\",\"props\":{\"overlay_mode\":\"cover\",\"overlay_hover\":false,\"overlay_style\":\"\",\"text_color\":\"light\",\"overlay_position\":\"top-left\",\"overlay_transition\":\"fade\",\"title_element\":\"h3\",\"meta_style\":\"meta\",\"meta_align\":\"bottom\",\"text_align\":\"center\",\"margin\":\"default\",\"overlay_padding\":\"large\",\"overlay_margin\":\"\",\"overlay_maxwidth\":\"\",\"image_transition\":\"\",\"image_box_shadow\":\"\",\"image_hover_box_shadow\":\"\",\"image_box_decoration\":\"\",\"title_transition\":\"\",\"title_style\":\"\",\"title_decoration\":\"\",\"title_color\":\"\",\"title_margin\":\"\",\"meta_transition\":\"\",\"meta_color\":\"\",\"meta_margin\":\"\",\"content_transition\":\"\",\"content_style\":\"\",\"content_margin\":\"\",\"text_align_breakpoint\":\"\",\"text_align_fallback\":\"\",\"maxwidth\":\"\",\"maxwidth_align\":\"\",\"maxwidth_breakpoint\":\"\",\"animation\":\"\",\"visibility\":\"\",\"image\":\"wp-content\\\/uploads\\\/2026\\\/03\\\/ISC-2026-mesa1.webp\",\"content\":\"\"}}]},{\"type\":\"column\",\"props\":{\"widths\":[\"\"],\"image_position\":\"center-center\",\"media_overlay_gradient\":\"\",\"vertical_align\":\"\",\"style\":\"\",\"text_color\":\"\",\"padding\":\"\"},\"children\":[{\"type\":\"overlay\",\"props\":{\"overlay_mode\":\"cover\",\"overlay_hover\":false,\"overlay_style\":\"\",\"text_color\":\"light\",\"overlay_position\":\"top-left\",\"overlay_transition\":\"fade\",\"title_element\":\"h3\",\"meta_style\":\"meta\",\"meta_align\":\"bottom\",\"text_align\":\"center\",\"margin\":\"default\",\"overlay_padding\":\"large\",\"overlay_margin\":\"\",\"overlay_maxwidth\":\"\",\"image_transition\":\"\",\"image_box_shadow\":\"\",\"image_hover_box_shadow\":\"\",\"image_box_decoration\":\"\",\"title_transition\":\"\",\"title_style\":\"\",\"title_decoration\":\"\",\"title_color\":\"\",\"title_margin\":\"\",\"meta_transition\":\"\",\"meta_color\":\"\",\"meta_margin\":\"\",\"content_transition\":\"\",\"content_style\":\"\",\"content_margin\":\"\",\"text_align_breakpoint\":\"\",\"text_align_fallback\":\"\",\"maxwidth\":\"\",\"maxwidth_align\":\"\",\"maxwidth_breakpoint\":\"\",\"animation\":\"\",\"visibility\":\"\",\"image\":\"wp-content\\\/uploads\\\/2026\\\/03\\\/ISC-2026-mesa2.webp\",\"content\":\"\"}}]}]},{\"type\":\"row\",\"props\":{\"layout\":\",\",\"breakpoint\":\"m\",\"fixed_width\":\"large\",\"gutter\":\"collapse\",\"width\":\"\",\"width_expand\":\"\",\"height\":\"\",\"margin\":\"\"},\"children\":[{\"type\":\"column\",\"props\":{\"widths\":[\"\"],\"image_position\":\"center-center\",\"media_overlay_gradient\":\"\",\"vertical_align\":\"\",\"style\":\"\",\"text_color\":\"\",\"padding\":\"\"},\"children\":[{\"type\":\"overlay\",\"props\":{\"overlay_mode\":\"cover\",\"overlay_hover\":false,\"overlay_style\":\"\",\"text_color\":\"light\",\"overlay_position\":\"top-left\",\"overlay_transition\":\"fade\",\"title_element\":\"h3\",\"meta_style\":\"meta\",\"meta_align\":\"bottom\",\"text_align\":\"center\",\"margin\":\"default\",\"overlay_padding\":\"large\",\"overlay_margin\":\"\",\"overlay_maxwidth\":\"\",\"image_transition\":\"\",\"image_box_shadow\":\"\",\"image_hover_box_shadow\":\"\",\"image_box_decoration\":\"\",\"title_transition\":\"\",\"title_style\":\"\",\"title_decoration\":\"\",\"title_color\":\"\",\"title_margin\":\"\",\"meta_transition\":\"\",\"meta_color\":\"\",\"meta_margin\":\"\",\"content_transition\":\"\",\"content_style\":\"\",\"content_margin\":\"\",\"text_align_breakpoint\":\"\",\"text_align_fallback\":\"\",\"maxwidth\":\"\",\"maxwidth_align\":\"\",\"maxwidth_breakpoint\":\"\",\"animation\":\"\",\"visibility\":\"\",\"image\":\"wp-content\\\/uploads\\\/2026\\\/03\\\/ISC-2026-mesa3.webp\",\"content\":\"\"}}]},{\"type\":\"column\",\"props\":{\"widths\":[\"\"],\"image_position\":\"center-center\",\"media_overlay_gradient\":\"\",\"vertical_align\":\"\",\"style\":\"\",\"text_color\":\"\",\"padding\":\"\"},\"children\":[{\"type\":\"overlay\",\"props\":{\"overlay_mode\":\"cover\",\"overlay_hover\":false,\"overlay_style\":\"\",\"text_color\":\"light\",\"overlay_position\":\"top-left\",\"overlay_transition\":\"fade\",\"title_element\":\"h3\",\"meta_style\":\"meta\",\"meta_align\":\"bottom\",\"text_align\":\"center\",\"margin\":\"default\",\"overlay_padding\":\"large\",\"overlay_margin\":\"\",\"overlay_maxwidth\":\"\",\"image_transition\":\"\",\"image_box_shadow\":\"\",\"image_hover_box_shadow\":\"\",\"image_box_decoration\":\"\",\"title_transition\":\"\",\"title_style\":\"\",\"title_decoration\":\"\",\"title_color\":\"\",\"title_margin\":\"\",\"meta_transition\":\"\",\"meta_color\":\"\",\"meta_margin\":\"\",\"content_transition\":\"\",\"content_style\":\"\",\"content_margin\":\"\",\"text_align_breakpoint\":\"\",\"text_align_fallback\":\"\",\"maxwidth\":\"\",\"maxwidth_align\":\"\",\"maxwidth_breakpoint\":\"\",\"animation\":\"\",\"visibility\":\"\",\"image\":\"wp-content\\\/uploads\\\/2026\\\/03\\\/ISC-2026-mesa4.webp\",\"content\":\"\"}}]}]}]},{\"type\":\"section\",\"props\":{\"style\":\"default\",\"width\":\"default\",\"vertical_align\":\"middle\",\"title_position\":\"top-left\",\"title_rotation\":\"left\",\"title_breakpoint\":\"xl\",\"image_position\":\"center-center\",\"text_color\":\"\",\"width_expand\":\"\",\"height\":\"\",\"padding\":\"\",\"header_transparent\":\"\",\"animation\":\"\"},\"children\":[{\"type\":\"row\",\"props\":{\"layout\":\"1-1\",\"breakpoint\":\"m\",\"fixed_width\":\"large\",\"gutter\":\"\",\"width\":\"\",\"width_expand\":\"\",\"height\":\"\",\"margin\":\"\"},\"children\":[{\"type\":\"column\",\"props\":{\"widths\":[\"1-1\"],\"image_position\":\"center-center\",\"media_overlay_gradient\":\"\",\"vertical_align\":\"\",\"style\":\"\",\"text_color\":\"\",\"padding\":\"\"},\"children\":[]}]}]}],\"version\":\"1.18.16\",\"props\":[]} --><\/p>\n","protected":false},"excerpt":{"rendered":"<p>EDICI\u00d3N 2026 MESA INAUGURAL Discurso de apertura MESA 1: Leading Case del TAS 2026 MESA 2 Nuevos formatos de competici\u00f3n: retos regulatorios, econ\u00f3micos y estructurales MESA 3 Madrid Arena MESA 4 Tecnolog\u00eda, pirater\u00eda e IA en el deporte (LaLiga)<\/p>\n","protected":false},"author":1,"featured_media":0,"parent":0,"menu_order":0,"comment_status":"closed","ping_status":"closed","template":"","meta":{"footnotes":""},"yoast_head":"<!-- This site is optimized with the Yoast SEO plugin v22.6 - https:\/\/yoast.com\/wordpress\/plugins\/seo\/ -->\n<title>Edici\u00f3n 2026 - ISDE Sports Convention<\/title>\n<meta name=\"robots\" content=\"index, follow, max-snippet:-1, max-image-preview:large, max-video-preview:-1\" \/>\n<link rel=\"canonical\" href=\"https:\/\/isdesportsconvention.com\/es\/tematica-2026\/\" \/>\n<meta property=\"og:locale\" content=\"es_ES\" \/>\n<meta property=\"og:type\" content=\"article\" \/>\n<meta property=\"og:title\" content=\"Edici\u00f3n 2026 - ISDE Sports Convention\" \/>\n<meta property=\"og:description\" content=\"EDICI\u00d3N 2026 MESA INAUGURAL Discurso de apertura MESA 1: Leading Case del TAS 2026 MESA 2 Nuevos formatos de competici\u00f3n: retos regulatorios, econ\u00f3micos y estructurales MESA 3 Madrid Arena MESA 4 Tecnolog\u00eda, pirater\u00eda e IA en el deporte (LaLiga)\" \/>\n<meta property=\"og:url\" content=\"https:\/\/isdesportsconvention.com\/es\/tematica-2026\/\" \/>\n<meta property=\"og:site_name\" content=\"ISDE Sports Convention\" \/>\n<meta property=\"article:modified_time\" content=\"2026-03-02T11:25:53+00:00\" \/>\n<meta name=\"twitter:card\" content=\"summary_large_image\" \/>\n<meta name=\"twitter:label1\" content=\"Tiempo de lectura\" \/>\n\t<meta name=\"twitter:data1\" content=\"3 minutos\" \/>\n<script type=\"application\/ld+json\" class=\"yoast-schema-graph\">{\"@context\":\"https:\/\/schema.org\",\"@graph\":[{\"@type\":\"WebPage\",\"@id\":\"https:\/\/isdesportsconvention.com\/es\/tematica-2026\/\",\"url\":\"https:\/\/isdesportsconvention.com\/es\/tematica-2026\/\",\"name\":\"Edici\u00f3n 2026 - ISDE Sports Convention\",\"isPartOf\":{\"@id\":\"https:\/\/isdesportsconvention.com\/es\/#website\"},\"datePublished\":\"2026-03-02T11:02:59+00:00\",\"dateModified\":\"2026-03-02T11:25:53+00:00\",\"breadcrumb\":{\"@id\":\"https:\/\/isdesportsconvention.com\/es\/tematica-2026\/#breadcrumb\"},\"inLanguage\":\"es\",\"potentialAction\":[{\"@type\":\"ReadAction\",\"target\":[\"https:\/\/isdesportsconvention.com\/es\/tematica-2026\/\"]}]},{\"@type\":\"BreadcrumbList\",\"@id\":\"https:\/\/isdesportsconvention.com\/es\/tematica-2026\/#breadcrumb\",\"itemListElement\":[{\"@type\":\"ListItem\",\"position\":1,\"name\":\"Portada\",\"item\":\"https:\/\/isdesportsconvention.com\/es\/\"},{\"@type\":\"ListItem\",\"position\":2,\"name\":\"Edici\u00f3n 2026\"}]},{\"@type\":\"WebSite\",\"@id\":\"https:\/\/isdesportsconvention.com\/es\/#website\",\"url\":\"https:\/\/isdesportsconvention.com\/es\/\",\"name\":\"ISDE Sports Convention\",\"description\":\"ISDE Sports Convention\",\"publisher\":{\"@id\":\"https:\/\/isdesportsconvention.com\/es\/#organization\"},\"potentialAction\":[{\"@type\":\"SearchAction\",\"target\":{\"@type\":\"EntryPoint\",\"urlTemplate\":\"https:\/\/isdesportsconvention.com\/es\/?s={search_term_string}\"},\"query-input\":\"required name=search_term_string\"}],\"inLanguage\":\"es\"},{\"@type\":\"Organization\",\"@id\":\"https:\/\/isdesportsconvention.com\/es\/#organization\",\"name\":\"ISDE Sports Convention\",\"url\":\"https:\/\/isdesportsconvention.com\/es\/\",\"logo\":{\"@type\":\"ImageObject\",\"inLanguage\":\"es\",\"@id\":\"https:\/\/isdesportsconvention.com\/es\/#\/schema\/logo\/image\/\",\"url\":\"https:\/\/isdesportsconvention.com\/wp-content\/uploads\/2024\/04\/isotipo.png\",\"contentUrl\":\"https:\/\/isdesportsconvention.com\/wp-content\/uploads\/2024\/04\/isotipo.png\",\"width\":533,\"height\":533,\"caption\":\"ISDE Sports Convention\"},\"image\":{\"@id\":\"https:\/\/isdesportsconvention.com\/es\/#\/schema\/logo\/image\/\"}}]}<\/script>\n<!-- \/ Yoast SEO plugin. -->","yoast_head_json":{"title":"Edici\u00f3n 2026 - ISDE Sports Convention","robots":{"index":"index","follow":"follow","max-snippet":"max-snippet:-1","max-image-preview":"max-image-preview:large","max-video-preview":"max-video-preview:-1"},"canonical":"https:\/\/isdesportsconvention.com\/es\/tematica-2026\/","og_locale":"es_ES","og_type":"article","og_title":"Edici\u00f3n 2026 - ISDE Sports Convention","og_description":"EDICI\u00d3N 2026 MESA INAUGURAL Discurso de apertura MESA 1: Leading Case del TAS 2026 MESA 2 Nuevos formatos de competici\u00f3n: retos regulatorios, econ\u00f3micos y estructurales MESA 3 Madrid Arena MESA 4 Tecnolog\u00eda, pirater\u00eda e IA en el deporte (LaLiga)","og_url":"https:\/\/isdesportsconvention.com\/es\/tematica-2026\/","og_site_name":"ISDE Sports Convention","article_modified_time":"2026-03-02T11:25:53+00:00","twitter_card":"summary_large_image","twitter_misc":{"Tiempo de lectura":"3 minutos"},"schema":{"@context":"https:\/\/schema.org","@graph":[{"@type":"WebPage","@id":"https:\/\/isdesportsconvention.com\/es\/tematica-2026\/","url":"https:\/\/isdesportsconvention.com\/es\/tematica-2026\/","name":"Edici\u00f3n 2026 - ISDE Sports Convention","isPartOf":{"@id":"https:\/\/isdesportsconvention.com\/es\/#website"},"datePublished":"2026-03-02T11:02:59+00:00","dateModified":"2026-03-02T11:25:53+00:00","breadcrumb":{"@id":"https:\/\/isdesportsconvention.com\/es\/tematica-2026\/#breadcrumb"},"inLanguage":"es","potentialAction":[{"@type":"ReadAction","target":["https:\/\/isdesportsconvention.com\/es\/tematica-2026\/"]}]},{"@type":"BreadcrumbList","@id":"https:\/\/isdesportsconvention.com\/es\/tematica-2026\/#breadcrumb","itemListElement":[{"@type":"ListItem","position":1,"name":"Portada","item":"https:\/\/isdesportsconvention.com\/es\/"},{"@type":"ListItem","position":2,"name":"Edici\u00f3n 2026"}]},{"@type":"WebSite","@id":"https:\/\/isdesportsconvention.com\/es\/#website","url":"https:\/\/isdesportsconvention.com\/es\/","name":"ISDE Sports Convention","description":"ISDE Sports Convention","publisher":{"@id":"https:\/\/isdesportsconvention.com\/es\/#organization"},"potentialAction":[{"@type":"SearchAction","target":{"@type":"EntryPoint","urlTemplate":"https:\/\/isdesportsconvention.com\/es\/?s={search_term_string}"},"query-input":"required name=search_term_string"}],"inLanguage":"es"},{"@type":"Organization","@id":"https:\/\/isdesportsconvention.com\/es\/#organization","name":"ISDE Sports Convention","url":"https:\/\/isdesportsconvention.com\/es\/","logo":{"@type":"ImageObject","inLanguage":"es","@id":"https:\/\/isdesportsconvention.com\/es\/#\/schema\/logo\/image\/","url":"https:\/\/isdesportsconvention.com\/wp-content\/uploads\/2024\/04\/isotipo.png","contentUrl":"https:\/\/isdesportsconvention.com\/wp-content\/uploads\/2024\/04\/isotipo.png","width":533,"height":533,"caption":"ISDE Sports Convention"},"image":{"@id":"https:\/\/isdesportsconvention.com\/es\/#\/schema\/logo\/image\/"}}]}},"_links":{"self":[{"href":"https:\/\/isdesportsconvention.com\/es\/wp-json\/wp\/v2\/pages\/4315"}],"collection":[{"href":"https:\/\/isdesportsconvention.com\/es\/wp-json\/wp\/v2\/pages"}],"about":[{"href":"https:\/\/isdesportsconvention.com\/es\/wp-json\/wp\/v2\/types\/page"}],"author":[{"embeddable":true,"href":"https:\/\/isdesportsconvention.com\/es\/wp-json\/wp\/v2\/users\/1"}],"replies":[{"embeddable":true,"href":"https:\/\/isdesportsconvention.com\/es\/wp-json\/wp\/v2\/comments?post=4315"}],"version-history":[{"count":9,"href":"https:\/\/isdesportsconvention.com\/es\/wp-json\/wp\/v2\/pages\/4315\/revisions"}],"predecessor-version":[{"id":4333,"href":"https:\/\/isdesportsconvention.com\/es\/wp-json\/wp\/v2\/pages\/4315\/revisions\/4333"}],"wp:attachment":[{"href":"https:\/\/isdesportsconvention.com\/es\/wp-json\/wp\/v2\/media?parent=4315"}],"curies":[{"name":"wp","href":"https:\/\/api.w.org\/{rel}","templated":true}]}}