{"id":2506,"date":"2022-06-17T11:04:05","date_gmt":"2022-06-17T09:04:05","guid":{"rendered":"https:\/\/isdesportsconvention.com\/?post_type=product&#038;p=2506"},"modified":"2022-07-26T13:51:47","modified_gmt":"2022-07-26T11:51:47","slug":"galeria-multimedia-isc-2022","status":"publish","type":"product","link":"https:\/\/isdesportsconvention.com\/es\/producto\/galeria-multimedia-isc-2022\/","title":{"rendered":"Galer\u00eda multimedia ISC 2022"},"content":{"rendered":"<div>\n<p>Descarga todas las fotograf\u00edas y los v\u00eddeos completos de las mesas del <strong>ISDE Sports Convention 2022. <\/strong>Una vez realizada la compra podr\u00e1s acceder a un enlace para la descarga.<\/p>\n<\/div>\n","protected":false},"excerpt":{"rendered":"<div>\n<p>Descarga todas las fotograf\u00edas y los v\u00eddeos completos de las mesas del <strong>ISDE Sports Convention 2022. <\/strong>Una vez realizada la compra podr\u00e1s acceder a un enlace para la descarga.<\/p>\n<\/div>\n","protected":false},"featured_media":2521,"comment_status":"open","ping_status":"closed","template":"","meta":[],"product_cat":[17],"product_tag":[],"yoast_head":"<!-- This site is optimized with the Yoast SEO plugin v22.6 - https:\/\/yoast.com\/wordpress\/plugins\/seo\/ -->\n<title>Galer\u00eda multimedia ISC 2022 - ISDE Sports Convention<\/title>\n<meta name=\"robots\" content=\"index, follow, max-snippet:-1, max-image-preview:large, max-video-preview:-1\" \/>\n<link rel=\"canonical\" href=\"https:\/\/isdesportsconvention.com\/es\/producto\/galeria-multimedia-isc-2022\/\" \/>\n<meta property=\"og:locale\" content=\"es_ES\" \/>\n<meta property=\"og:type\" content=\"article\" \/>\n<meta property=\"og:title\" content=\"Galer\u00eda multimedia ISC 2022 - ISDE Sports Convention\" \/>\n<meta property=\"og:description\" content=\"Descarga todas las fotograf\u00edas y los v\u00eddeos completos de las mesas del ISDE Sports Convention 2022. Una vez realizada la compra podr\u00e1s acceder a un enlace para la descarga.\" \/>\n<meta property=\"og:url\" content=\"https:\/\/isdesportsconvention.com\/es\/producto\/galeria-multimedia-isc-2022\/\" \/>\n<meta property=\"og:site_name\" content=\"ISDE Sports Convention\" \/>\n<meta property=\"article:modified_time\" content=\"2022-07-26T11:51:47+00:00\" \/>\n<meta property=\"og:image\" content=\"https:\/\/isdesportsconvention.com\/wp-content\/uploads\/2022\/06\/isc-22.jpg\" \/>\n\t<meta property=\"og:image:width\" content=\"1200\" \/>\n\t<meta property=\"og:image:height\" content=\"981\" \/>\n\t<meta property=\"og:image:type\" content=\"image\/jpeg\" \/>\n<meta name=\"twitter:card\" content=\"summary_large_image\" \/>\n<script type=\"application\/ld+json\" class=\"yoast-schema-graph\">{\"@context\":\"https:\/\/schema.org\",\"@graph\":[{\"@type\":\"WebPage\",\"@id\":\"https:\/\/isdesportsconvention.com\/es\/producto\/galeria-multimedia-isc-2022\/\",\"url\":\"https:\/\/isdesportsconvention.com\/es\/producto\/galeria-multimedia-isc-2022\/\",\"name\":\"Galer\u00eda multimedia ISC 2022 - ISDE Sports Convention\",\"isPartOf\":{\"@id\":\"https:\/\/isdesportsconvention.com\/es\/#website\"},\"primaryImageOfPage\":{\"@id\":\"https:\/\/isdesportsconvention.com\/es\/producto\/galeria-multimedia-isc-2022\/#primaryimage\"},\"image\":{\"@id\":\"https:\/\/isdesportsconvention.com\/es\/producto\/galeria-multimedia-isc-2022\/#primaryimage\"},\"thumbnailUrl\":\"https:\/\/isdesportsconvention.com\/wp-content\/uploads\/2022\/06\/isc-22.jpg\",\"datePublished\":\"2022-06-17T09:04:05+00:00\",\"dateModified\":\"2022-07-26T11:51:47+00:00\",\"breadcrumb\":{\"@id\":\"https:\/\/isdesportsconvention.com\/es\/producto\/galeria-multimedia-isc-2022\/#breadcrumb\"},\"inLanguage\":\"es\",\"potentialAction\":[{\"@type\":\"ReadAction\",\"target\":[\"https:\/\/isdesportsconvention.com\/es\/producto\/galeria-multimedia-isc-2022\/\"]}]},{\"@type\":\"ImageObject\",\"inLanguage\":\"es\",\"@id\":\"https:\/\/isdesportsconvention.com\/es\/producto\/galeria-multimedia-isc-2022\/#primaryimage\",\"url\":\"https:\/\/isdesportsconvention.com\/wp-content\/uploads\/2022\/06\/isc-22.jpg\",\"contentUrl\":\"https:\/\/isdesportsconvention.com\/wp-content\/uploads\/2022\/06\/isc-22.jpg\",\"width\":1200,\"height\":981},{\"@type\":\"BreadcrumbList\",\"@id\":\"https:\/\/isdesportsconvention.com\/es\/producto\/galeria-multimedia-isc-2022\/#breadcrumb\",\"itemListElement\":[{\"@type\":\"ListItem\",\"position\":1,\"name\":\"Portada\",\"item\":\"https:\/\/isdesportsconvention.com\/es\/\"},{\"@type\":\"ListItem\",\"position\":2,\"name\":\"Tienda\",\"item\":\"https:\/\/isdesportsconvention.com\/shop\/\"},{\"@type\":\"ListItem\",\"position\":3,\"name\":\"Galer\u00eda multimedia ISC 2022\"}]},{\"@type\":\"WebSite\",\"@id\":\"https:\/\/isdesportsconvention.com\/es\/#website\",\"url\":\"https:\/\/isdesportsconvention.com\/es\/\",\"name\":\"ISDE Sports Convention\",\"description\":\"ISDE Sports Convention\",\"publisher\":{\"@id\":\"https:\/\/isdesportsconvention.com\/es\/#organization\"},\"potentialAction\":[{\"@type\":\"SearchAction\",\"target\":{\"@type\":\"EntryPoint\",\"urlTemplate\":\"https:\/\/isdesportsconvention.com\/es\/?s={search_term_string}\"},\"query-input\":\"required name=search_term_string\"}],\"inLanguage\":\"es\"},{\"@type\":\"Organization\",\"@id\":\"https:\/\/isdesportsconvention.com\/es\/#organization\",\"name\":\"ISDE Sports Convention\",\"url\":\"https:\/\/isdesportsconvention.com\/es\/\",\"logo\":{\"@type\":\"ImageObject\",\"inLanguage\":\"es\",\"@id\":\"https:\/\/isdesportsconvention.com\/es\/#\/schema\/logo\/image\/\",\"url\":\"https:\/\/isdesportsconvention.com\/wp-content\/uploads\/2024\/04\/isotipo.png\",\"contentUrl\":\"https:\/\/isdesportsconvention.com\/wp-content\/uploads\/2024\/04\/isotipo.png\",\"width\":533,\"height\":533,\"caption\":\"ISDE Sports Convention\"},\"image\":{\"@id\":\"https:\/\/isdesportsconvention.com\/es\/#\/schema\/logo\/image\/\"}}]}<\/script>\n<!-- \/ Yoast SEO plugin. -->","yoast_head_json":{"title":"Galer\u00eda multimedia ISC 2022 - ISDE Sports Convention","robots":{"index":"index","follow":"follow","max-snippet":"max-snippet:-1","max-image-preview":"max-image-preview:large","max-video-preview":"max-video-preview:-1"},"canonical":"https:\/\/isdesportsconvention.com\/es\/producto\/galeria-multimedia-isc-2022\/","og_locale":"es_ES","og_type":"article","og_title":"Galer\u00eda multimedia ISC 2022 - ISDE Sports Convention","og_description":"Descarga todas las fotograf\u00edas y los v\u00eddeos completos de las mesas del ISDE Sports Convention 2022. Una vez realizada la compra podr\u00e1s acceder a un enlace para la descarga.","og_url":"https:\/\/isdesportsconvention.com\/es\/producto\/galeria-multimedia-isc-2022\/","og_site_name":"ISDE Sports Convention","article_modified_time":"2022-07-26T11:51:47+00:00","og_image":[{"width":1200,"height":981,"url":"https:\/\/isdesportsconvention.com\/wp-content\/uploads\/2022\/06\/isc-22.jpg","type":"image\/jpeg"}],"twitter_card":"summary_large_image","schema":{"@context":"https:\/\/schema.org","@graph":[{"@type":"WebPage","@id":"https:\/\/isdesportsconvention.com\/es\/producto\/galeria-multimedia-isc-2022\/","url":"https:\/\/isdesportsconvention.com\/es\/producto\/galeria-multimedia-isc-2022\/","name":"Galer\u00eda multimedia ISC 2022 - ISDE Sports Convention","isPartOf":{"@id":"https:\/\/isdesportsconvention.com\/es\/#website"},"primaryImageOfPage":{"@id":"https:\/\/isdesportsconvention.com\/es\/producto\/galeria-multimedia-isc-2022\/#primaryimage"},"image":{"@id":"https:\/\/isdesportsconvention.com\/es\/producto\/galeria-multimedia-isc-2022\/#primaryimage"},"thumbnailUrl":"https:\/\/isdesportsconvention.com\/wp-content\/uploads\/2022\/06\/isc-22.jpg","datePublished":"2022-06-17T09:04:05+00:00","dateModified":"2022-07-26T11:51:47+00:00","breadcrumb":{"@id":"https:\/\/isdesportsconvention.com\/es\/producto\/galeria-multimedia-isc-2022\/#breadcrumb"},"inLanguage":"es","potentialAction":[{"@type":"ReadAction","target":["https:\/\/isdesportsconvention.com\/es\/producto\/galeria-multimedia-isc-2022\/"]}]},{"@type":"ImageObject","inLanguage":"es","@id":"https:\/\/isdesportsconvention.com\/es\/producto\/galeria-multimedia-isc-2022\/#primaryimage","url":"https:\/\/isdesportsconvention.com\/wp-content\/uploads\/2022\/06\/isc-22.jpg","contentUrl":"https:\/\/isdesportsconvention.com\/wp-content\/uploads\/2022\/06\/isc-22.jpg","width":1200,"height":981},{"@type":"BreadcrumbList","@id":"https:\/\/isdesportsconvention.com\/es\/producto\/galeria-multimedia-isc-2022\/#breadcrumb","itemListElement":[{"@type":"ListItem","position":1,"name":"Portada","item":"https:\/\/isdesportsconvention.com\/es\/"},{"@type":"ListItem","position":2,"name":"Tienda","item":"https:\/\/isdesportsconvention.com\/shop\/"},{"@type":"ListItem","position":3,"name":"Galer\u00eda multimedia ISC 2022"}]},{"@type":"WebSite","@id":"https:\/\/isdesportsconvention.com\/es\/#website","url":"https:\/\/isdesportsconvention.com\/es\/","name":"ISDE Sports Convention","description":"ISDE Sports Convention","publisher":{"@id":"https:\/\/isdesportsconvention.com\/es\/#organization"},"potentialAction":[{"@type":"SearchAction","target":{"@type":"EntryPoint","urlTemplate":"https:\/\/isdesportsconvention.com\/es\/?s={search_term_string}"},"query-input":"required name=search_term_string"}],"inLanguage":"es"},{"@type":"Organization","@id":"https:\/\/isdesportsconvention.com\/es\/#organization","name":"ISDE Sports Convention","url":"https:\/\/isdesportsconvention.com\/es\/","logo":{"@type":"ImageObject","inLanguage":"es","@id":"https:\/\/isdesportsconvention.com\/es\/#\/schema\/logo\/image\/","url":"https:\/\/isdesportsconvention.com\/wp-content\/uploads\/2024\/04\/isotipo.png","contentUrl":"https:\/\/isdesportsconvention.com\/wp-content\/uploads\/2024\/04\/isotipo.png","width":533,"height":533,"caption":"ISDE Sports Convention"},"image":{"@id":"https:\/\/isdesportsconvention.com\/es\/#\/schema\/logo\/image\/"}}]}},"_links":{"self":[{"href":"https:\/\/isdesportsconvention.com\/es\/wp-json\/wp\/v2\/product\/2506"}],"collection":[{"href":"https:\/\/isdesportsconvention.com\/es\/wp-json\/wp\/v2\/product"}],"about":[{"href":"https:\/\/isdesportsconvention.com\/es\/wp-json\/wp\/v2\/types\/product"}],"replies":[{"embeddable":true,"href":"https:\/\/isdesportsconvention.com\/es\/wp-json\/wp\/v2\/comments?post=2506"}],"wp:featuredmedia":[{"embeddable":true,"href":"https:\/\/isdesportsconvention.com\/es\/wp-json\/wp\/v2\/media\/2521"}],"wp:attachment":[{"href":"https:\/\/isdesportsconvention.com\/es\/wp-json\/wp\/v2\/media?parent=2506"}],"wp:term":[{"taxonomy":"product_cat","embeddable":true,"href":"https:\/\/isdesportsconvention.com\/es\/wp-json\/wp\/v2\/product_cat?post=2506"},{"taxonomy":"product_tag","embeddable":true,"href":"https:\/\/isdesportsconvention.com\/es\/wp-json\/wp\/v2\/product_tag?post=2506"}],"curies":[{"name":"wp","href":"https:\/\/api.w.org\/{rel}","templated":true}]}}